{"id":602173,"date":"2018-09-19T18:23:40","date_gmt":"2018-09-19T18:23:40","guid":{"rendered":"https:\/\/reskin.balnea.ca\/carrieres-2\/"},"modified":"2026-05-04T12:24:20","modified_gmt":"2026-05-04T16:24:20","slug":"carrieres","status":"publish","type":"page","link":"https:\/\/reskin.balnea.ca\/en\/carrieres\/","title":{"rendered":"Carri\u00e8res"},"content":{"rendered":"<div  class=\"one withsmallpadding ppb_text\" style=\"text-align:left;padding:30px 0 30px 0;\" >\n<div class=\"standard_wrapper\">\n<div class=\"page_content_wrapper wide\">\n<div class=\"inner\">\n<div style=\"margin:auto;width:100%\">\n<p><span style=\"color: #363226;\">Int\u00e9grer Balnea, c\u2019est se joindre \u00e0 une \u00e9quipe passionn\u00e9e par l\u2019art de recevoir et stimul\u00e9e par les d\u00e9fis.<\/span><\/p>\n<p><strong><span style=\"color: #dbe6e4;\">Notre mission <\/span><\/strong><\/p>\n<p><span style=\"color: #363226;\" data-teams=\"true\">Se d\u00e9vouer \u00e0 faire vivre des exp\u00e9riences de bien-\u00eatre marquantes et inspirantes favorisant l\u2019abandon \u00e0 la nature.<\/span><\/p>\n<p><strong><span style=\"color: #dbe6e4;\">Nos valeurs <\/span><\/strong><\/p>\n<p><span style=\"color: #363226;\">Chaleureux, esprit de service, cr\u00e9ativit\u00e9, reconnaissance et collaboration<\/span><\/p>\n<\/div>\n<\/div>\n<\/div>\n<\/div>\n<\/div>\n<div  class=\"one withsmallpadding ppb_text\" style=\"text-align:left;padding:30px 0 30px 0;\" >\n<div class=\"standard_wrapper\">\n<div class=\"page_content_wrapper wide\">\n<div class=\"inner\">\n<div style=\"margin:auto;width:100%\">\n<p><span style=\"color: #363226;\">Int\u00e9grer Balnea, c\u2019est se joindre \u00e0 une \u00e9quipe passionn\u00e9e par l\u2019art de recevoir et stimul\u00e9e par les d\u00e9fis.<\/span><\/p>\n<p><strong><span style=\"color: #dbe6e4;\">Notre mission <\/span><\/strong><\/p>\n<p><span style=\"color: #363226;\" data-teams=\"true\">Se d\u00e9vouer \u00e0 faire vivre des exp\u00e9riences de bien-\u00eatre marquantes et inspirantes favorisant l\u2019abandon \u00e0 la nature.<\/span><\/p>\n<p><strong><span style=\"color: #dbe6e4;\">Nos valeurs <\/span><\/strong><\/p>\n<p><span style=\"color: #363226;\">Chaleureux, esprit de service, cr\u00e9ativit\u00e9, reconnaissance et collaboration<\/span><\/p>\n<\/div>\n<\/div>\n<\/div>\n<\/div>\n<\/div>\n<div class=\"standard_wrapper\">\n<div  class=\"ppb_image_boxed one\" style=\"\" >\n<div class=\"page_content_wrapper wide\">\n<div class=\"inner\">\n<div class=\"image_boxed_wrapper theme_radius\" style=\"text-align:left;\">\n<div class=\"image_boxed_content\" style=\"padding:0px;\">\n<p><img loading=\"lazy\" decoding=\"async\" class=\"size-full wp-image-601928 aligncenter\" src=\"https:\/\/reskin.balnea.ca\/wp-content\/uploads\/2026\/04\/Balnea_Symbole_Ecorce_RVB.png\" alt=\"\" width=\"80\" height=\"80\" \/><\/p>\n<h2>Candidature spontan\u00e9e<\/h2>\n<p>Envoyez-nous votre candidature et laissez-nous voir comment faire fleurir votre potentiel au sein de notre \u00e9quipe.<\/p>\n<p>Au Balnea, chaque talent est \u00e0 d\u00e9couvrir et \u00e0 valoriser.<\/p>\n<p><a class=\"button small \" onclick=\"window.open('https:\/\/reskin.balnea.ca\/formulaire-candidature\/', '_self')\">POSTULER D\u00c8S MAINTENANT<\/a>\n<\/div>\n<\/div>\n<\/div>\n<\/div>\n<\/div>\n<\/div>\n<div  class=\"one withsmallpadding ppb_text\" style=\"text-align:left;padding:30px 0 30px 0;\" >\n<div class=\"standard_wrapper\">\n<div class=\"page_content_wrapper wide\">\n<div class=\"inner\">\n<div style=\"margin:auto;width:100%\">\n<p><strong><span style=\"color: #dbe6e4;\">Nos postes disponibles<\/span><\/strong>\n<\/div>\n<\/div>\n<\/div>\n<\/div>\n<\/div>\n<div  class=\"one withsmallpadding ppb_text\" style=\"padding:30px;\" >\n<div class=\"standard_wrapper\">\n<div  class=\"ppb_image_boxed one_half\" style=\"clear:both;margin-bottom:40px;\" >\n<div class=\"page_content_wrapper wide\">\n<div class=\"inner\">\n<div class=\"image_boxed_wrapper theme_radius\" style=\"text-align:center;\"><img decoding=\"async\" src=\"https:\/\/reskin.balnea.ca\/wp-content\/uploads\/2024\/05\/photo4-700x466.jpg\" alt=\"\"\/>\n<div class=\"image_boxed_content\" style=\"padding:40px;\">\n<h2 class=\"career-title\">Chef.fe d&rsquo;\u00e9quipe ma\u00eetre d&rsquo;accueil<\/h2>\n<\/p>\n<p class=\"link corner box\"><a href=\"https:\/\/reskin.balnea.ca\/carrieres\/chef-fe-dequipe-maitre-daccueil\/\"><\/a><\/p>\n<\/div>\n<\/div>\n<\/div>\n<\/div>\n<\/div>\n<\/div>\n<div class=\"standard_wrapper\">\n<div  class=\"ppb_image_boxed one_half last\" style=\"margin-bottom:40px;\" >\n<div class=\"page_content_wrapper wide\">\n<div class=\"inner\">\n<div class=\"image_boxed_wrapper theme_radius\" style=\"text-align:center;\"><img decoding=\"async\" src=\"https:\/\/reskin.balnea.ca\/wp-content\/uploads\/2024\/04\/234577259_6592420470771767_7565427278911942310_n-700x466.jpg\" alt=\"\"\/>\n<div class=\"image_boxed_content\" style=\"padding:40px;\">\n<h2 class=\"career-title\">Pr\u00e9pos\u00e9.e \u00e0 la maintenance<\/h2>\n<\/p>\n<p class=\"link corner box\"><a href=\"https:\/\/reskin.balnea.ca\/carrieres\/superviseur-e-a-la-maintenance\/\"><\/a><\/p>\n<\/div>\n<\/div>\n<\/div>\n<\/div>\n<\/div>\n<\/div>\n<div class=\"standard_wrapper\">\n<div  class=\"ppb_image_boxed one_half\" style=\"clear:both;margin-bottom:40px;\" >\n<div class=\"page_content_wrapper wide\">\n<div class=\"inner\">\n<div class=\"image_boxed_wrapper theme_radius\" style=\"text-align:center;\"><img decoding=\"async\" src=\"https:\/\/reskin.balnea.ca\/wp-content\/uploads\/2024\/04\/Serveuse-terrasse-700x466.jpg\" alt=\"\"\/>\n<div class=\"image_boxed_content\" style=\"padding:40px;\">\n<h2 class=\"career-title\">Serveur.euse<\/h2>\n<\/p>\n<p class=\"link corner box\"><a href=\"https:\/\/reskin.balnea.ca\/carrieres\/serveur-euse\/\"><\/a><\/p>\n<\/div>\n<\/div>\n<\/div>\n<\/div>\n<\/div>\n<\/div>\n<div class=\"standard_wrapper\">\n<div  class=\"ppb_image_boxed one_half last\" style=\"margin-bottom:40px;\" >\n<div class=\"page_content_wrapper wide\">\n<div class=\"inner\">\n<div class=\"image_boxed_wrapper theme_radius\" style=\"text-align:center;\"><img decoding=\"async\" src=\"https:\/\/reskin.balnea.ca\/wp-content\/uploads\/2018\/09\/0F8A6579-700x466.jpg\" alt=\"\"\/>\n<div class=\"image_boxed_content\" style=\"padding:40px;\">\n<h2 class=\"career-title\">Massoth\u00e9rapeutes &#8211; Travailleurs autonomes<\/h2>\n<\/p>\n<p class=\"link corner box\"><a href=\"https:\/\/reskin.balnea.ca\/carrieres\/massotherapeutes\/\"><\/a><\/p>\n<\/div>\n<\/div>\n<\/div>\n<\/div>\n<\/div>\n<\/div>\n<div class=\"standard_wrapper\">\n<div  class=\"ppb_image_boxed one_half\" style=\"clear:both;margin-bottom:40px;\" >\n<div class=\"page_content_wrapper wide\">\n<div class=\"inner\">\n<div class=\"image_boxed_wrapper theme_radius\" style=\"text-align:center;\"><img decoding=\"async\" src=\"https:\/\/reskin.balnea.ca\/wp-content\/uploads\/2020\/04\/Bal20_Header_1920x1044_Plat-1-700x466.jpg\" alt=\"\"\/>\n<div class=\"image_boxed_content\" style=\"padding:40px;\">\n<h2 class=\"career-title\">Agent.e d&rsquo;entretien de nuit<\/h2>\n<\/p>\n<p class=\"link corner box\"><a href=\"https:\/\/reskin.balnea.ca\/carrieres\/agent-e-dentretien\/\"><\/a><\/p>\n<\/div>\n<\/div>\n<\/div>\n<\/div>\n<\/div>\n<\/div>\n<div class=\"standard_wrapper\">\n<div  class=\"ppb_image_boxed one_half last\" style=\"margin-bottom:40px;\" >\n<div class=\"page_content_wrapper wide\">\n<div class=\"inner\">\n<div class=\"image_boxed_wrapper theme_radius\" style=\"text-align:center;\"><img decoding=\"async\" src=\"https:\/\/reskin.balnea.ca\/wp-content\/uploads\/2018\/09\/0F8A3345-700x466.jpg\" alt=\"\"\/>\n<div class=\"image_boxed_content\" style=\"padding:40px;\">\n<h2 class=\"career-title\">Ma\u00eetre d&rsquo;accueil<\/h2>\n<\/p>\n<p class=\"link corner box\"><a href=\"https:\/\/reskin.balnea.ca\/carrieres\/maitre-daccueil\/\"><\/a><\/p>\n<\/div>\n<\/div>\n<\/div>\n<\/div>\n<\/div>\n<\/div>\n<div class=\"standard_wrapper\">\n<div  class=\"ppb_image_boxed one_half\" style=\"clear:both;margin-bottom:40px;\" >\n<div class=\"page_content_wrapper wide\">\n<div class=\"inner\">\n<div class=\"image_boxed_wrapper theme_radius\" style=\"text-align:center;\"><img decoding=\"async\" src=\"https:\/\/reskin.balnea.ca\/wp-content\/uploads\/2020\/06\/M1-Repas-01-700x466.jpg\" alt=\"\"\/>\n<div class=\"image_boxed_content\" style=\"padding:40px;\">\n<h2 class=\"career-title\">Plongeur.euse<\/h2>\n<\/p>\n<p class=\"link corner box\"><a href=\"https:\/\/reskin.balnea.ca\/carrieres\/plongeur\/\"><\/a><\/p>\n<\/div>\n<\/div>\n<\/div>\n<\/div>\n<\/div>\n<\/div>\n<\/div>\n<div  class=\"one withsmallpadding ppb_text\" style=\"padding:30px;\" >\n<div class=\"standard_wrapper\">\n<div  class=\"ppb_image_boxed one_half\" style=\"clear:both;margin-bottom:40px;\" >\n<div class=\"page_content_wrapper wide\">\n<div class=\"inner\">\n<div class=\"image_boxed_wrapper theme_radius\" style=\"text-align:center;\"><img decoding=\"async\" src=\"https:\/\/reskin.balnea.ca\/wp-content\/uploads\/2024\/05\/photo4-700x466.jpg\" alt=\"\"\/>\n<div class=\"image_boxed_content\" style=\"padding:40px;\">\n<h2 class=\"career-title\">Chef.fe d&rsquo;\u00e9quipe ma\u00eetre d&rsquo;accueil<\/h2>\n<\/p>\n<p class=\"link corner box\"><a href=\"https:\/\/reskin.balnea.ca\/carrieres\/chef-fe-dequipe-maitre-daccueil\/\"><\/a><\/p>\n<\/div>\n<\/div>\n<\/div>\n<\/div>\n<\/div>\n<\/div>\n<div class=\"standard_wrapper\">\n<div  class=\"ppb_image_boxed one_half last\" style=\"margin-bottom:40px;\" >\n<div class=\"page_content_wrapper wide\">\n<div class=\"inner\">\n<div class=\"image_boxed_wrapper theme_radius\" style=\"text-align:center;\"><img decoding=\"async\" src=\"https:\/\/reskin.balnea.ca\/wp-content\/uploads\/2024\/04\/234577259_6592420470771767_7565427278911942310_n-700x466.jpg\" alt=\"\"\/>\n<div class=\"image_boxed_content\" style=\"padding:40px;\">\n<h2 class=\"career-title\">Pr\u00e9pos\u00e9.e \u00e0 la maintenance<\/h2>\n<\/p>\n<p class=\"link corner box\"><a href=\"https:\/\/reskin.balnea.ca\/carrieres\/superviseur-e-a-la-maintenance\/\"><\/a><\/p>\n<\/div>\n<\/div>\n<\/div>\n<\/div>\n<\/div>\n<\/div>\n<div class=\"standard_wrapper\">\n<div  class=\"ppb_image_boxed one_half\" style=\"clear:both;margin-bottom:40px;\" >\n<div class=\"page_content_wrapper wide\">\n<div class=\"inner\">\n<div class=\"image_boxed_wrapper theme_radius\" style=\"text-align:center;\"><img decoding=\"async\" src=\"https:\/\/reskin.balnea.ca\/wp-content\/uploads\/2024\/04\/Serveuse-terrasse-700x466.jpg\" alt=\"\"\/>\n<div class=\"image_boxed_content\" style=\"padding:40px;\">\n<h2 class=\"career-title\">Serveur.euse<\/h2>\n<\/p>\n<p class=\"link corner box\"><a href=\"https:\/\/reskin.balnea.ca\/carrieres\/serveur-euse\/\"><\/a><\/p>\n<\/div>\n<\/div>\n<\/div>\n<\/div>\n<\/div>\n<\/div>\n<div class=\"standard_wrapper\">\n<div  class=\"ppb_image_boxed one_half last\" style=\"margin-bottom:40px;\" >\n<div class=\"page_content_wrapper wide\">\n<div class=\"inner\">\n<div class=\"image_boxed_wrapper theme_radius\" style=\"text-align:center;\"><img decoding=\"async\" src=\"https:\/\/reskin.balnea.ca\/wp-content\/uploads\/2018\/09\/0F8A6579-700x466.jpg\" alt=\"\"\/>\n<div class=\"image_boxed_content\" style=\"padding:40px;\">\n<h2 class=\"career-title\">Massoth\u00e9rapeutes &#8211; Travailleurs autonomes<\/h2>\n<\/p>\n<p class=\"link corner box\"><a href=\"https:\/\/reskin.balnea.ca\/carrieres\/massotherapeutes\/\"><\/a><\/p>\n<\/div>\n<\/div>\n<\/div>\n<\/div>\n<\/div>\n<\/div>\n<div class=\"standard_wrapper\">\n<div  class=\"ppb_image_boxed one_half\" style=\"clear:both;margin-bottom:40px;\" >\n<div class=\"page_content_wrapper wide\">\n<div class=\"inner\">\n<div class=\"image_boxed_wrapper theme_radius\" style=\"text-align:center;\"><img decoding=\"async\" src=\"https:\/\/reskin.balnea.ca\/wp-content\/uploads\/2020\/04\/Bal20_Header_1920x1044_Plat-1-700x466.jpg\" alt=\"\"\/>\n<div class=\"image_boxed_content\" style=\"padding:40px;\">\n<h2 class=\"career-title\">Agent.e d&rsquo;entretien de nuit<\/h2>\n<\/p>\n<p class=\"link corner box\"><a href=\"https:\/\/reskin.balnea.ca\/carrieres\/agent-e-dentretien\/\"><\/a><\/p>\n<\/div>\n<\/div>\n<\/div>\n<\/div>\n<\/div>\n<\/div>\n<div class=\"standard_wrapper\">\n<div  class=\"ppb_image_boxed one_half last\" style=\"margin-bottom:40px;\" >\n<div class=\"page_content_wrapper wide\">\n<div class=\"inner\">\n<div class=\"image_boxed_wrapper theme_radius\" style=\"text-align:center;\"><img decoding=\"async\" src=\"https:\/\/reskin.balnea.ca\/wp-content\/uploads\/2018\/09\/0F8A3345-700x466.jpg\" alt=\"\"\/>\n<div class=\"image_boxed_content\" style=\"padding:40px;\">\n<h2 class=\"career-title\">Ma\u00eetre d&rsquo;accueil<\/h2>\n<\/p>\n<p class=\"link corner box\"><a href=\"https:\/\/reskin.balnea.ca\/carrieres\/maitre-daccueil\/\"><\/a><\/p>\n<\/div>\n<\/div>\n<\/div>\n<\/div>\n<\/div>\n<\/div>\n<div class=\"standard_wrapper\">\n<div  class=\"ppb_image_boxed one_half\" style=\"clear:both;margin-bottom:40px;\" >\n<div class=\"page_content_wrapper wide\">\n<div class=\"inner\">\n<div class=\"image_boxed_wrapper theme_radius\" style=\"text-align:center;\"><img decoding=\"async\" src=\"https:\/\/reskin.balnea.ca\/wp-content\/uploads\/2020\/06\/M1-Repas-01-700x466.jpg\" alt=\"\"\/>\n<div class=\"image_boxed_content\" style=\"padding:40px;\">\n<h2 class=\"career-title\">Plongeur.euse<\/h2>\n<\/p>\n<p class=\"link corner box\"><a href=\"https:\/\/reskin.balnea.ca\/carrieres\/plongeur\/\"><\/a><\/p>\n<\/div>\n<\/div>\n<\/div>\n<\/div>\n<\/div>\n<\/div>\n<\/div>\n<div  class=\"one withsmallpadding ppb_text\" style=\"text-align:left;padding:30px 0 30px 0;\" >\n<div class=\"standard_wrapper\">\n<div class=\"page_content_wrapper wide\">\n<div class=\"inner\">\n<div style=\"margin:auto;width:100%\">\n<p>Les massoth\u00e9rapeutes du BALNEA spa + r\u00e9serve thermale ont acc\u00e8s \u00e0 des rabais exclusifs sur les formations de <span style=\"color: #333399;\"><a style=\"color: #00acd4;\" href=\"https:\/\/www.academiedemassage.com\/\" target=\"_blank\" rel=\"noopener\">l&rsquo;Acad\u00e9mie de Massage Scientifique<\/a><\/span>.<a href=\"https:\/\/www.academiedemassage.com\/\"><img loading=\"lazy\" decoding=\"async\" class=\"alignnone wp-image-558245 size-medium\" src=\"https:\/\/reskin.balnea.ca\/wp-content\/uploads\/2025\/09\/logo_AMS_horizontal_PMS_rgb-300x100.png\" alt=\"\" width=\"300\" height=\"100\" \/><\/a>\n<\/div>\n<\/div>\n<\/div>\n<\/div>\n<\/div>\n","protected":false},"excerpt":{"rendered":"<p>Int\u00e9grer Balnea, c\u2019est se joindre \u00e0 une \u00e9quipe passionn\u00e9e par l\u2019art de recevoir et stimul\u00e9e par les d\u00e9fis. Notre mission Se d\u00e9vouer \u00e0 faire vivre des exp\u00e9riences de bien-\u00eatre marquantes et inspirantes favorisant l\u2019abandon \u00e0 la nature. Nos valeurs Chaleureux, [&hellip;]<\/p>\n","protected":false},"author":2341,"featured_media":601368,"parent":0,"menu_order":12,"comment_status":"closed","ping_status":"closed","template":"","meta":{"_acf_changed":false,"footnotes":""},"class_list":["post-602173","page","type-page","status-publish","has-post-thumbnail","hentry"],"acf":[],"yoast_head":"<!-- This site is optimized with the Yoast SEO plugin v27.3 - https:\/\/yoast.com\/product\/yoast-seo-wordpress\/ -->\n<title>Carri\u00e8res - Emplois disponibles | Balnea<\/title>\n<meta name=\"description\" content=\"Nous avons plusieurs postes \u00e0 combler. Joignez-vous \u00e0 l&#039;\u00e9quipe Balnea !\" \/>\n<meta name=\"robots\" content=\"index, follow, max-snippet:-1, max-image-preview:large, max-video-preview:-1\" \/>\n<link rel=\"canonical\" href=\"https:\/\/reskin.balnea.ca\/en\/carrieres\/\" \/>\n<meta property=\"og:locale\" content=\"en_US\" \/>\n<meta property=\"og:type\" content=\"article\" \/>\n<meta property=\"og:title\" content=\"Carri\u00e8res - Emplois disponibles | Balnea\" \/>\n<meta property=\"og:description\" content=\"Nous avons plusieurs postes \u00e0 combler. Joignez-vous \u00e0 l&#039;\u00e9quipe Balnea !\" \/>\n<meta property=\"og:url\" content=\"https:\/\/reskin.balnea.ca\/en\/carrieres\/\" \/>\n<meta property=\"og:site_name\" content=\"Balnea\" \/>\n<meta property=\"article:modified_time\" content=\"2026-05-04T16:24:20+00:00\" \/>\n<meta property=\"og:image\" content=\"https:\/\/reskin.balnea.ca\/wp-content\/uploads\/2025\/10\/Vue-densemble-du-site-naturel-ou-se-trouve-le-BALNEA-spa-et-Beatnik-Hotel-Credit-photo-Philippe-Emond-scaled-e1760645419649.jpg\" \/>\n\t<meta property=\"og:image:width\" content=\"2543\" \/>\n\t<meta property=\"og:image:height\" content=\"1436\" \/>\n\t<meta property=\"og:image:type\" content=\"image\/jpeg\" \/>\n<meta name=\"twitter:card\" content=\"summary_large_image\" \/>\n<meta name=\"twitter:label1\" content=\"Est. reading time\" \/>\n\t<meta name=\"twitter:data1\" content=\"5 minutes\" \/>\n<script type=\"application\/ld+json\" class=\"yoast-schema-graph\">{\"@context\":\"https:\\\/\\\/schema.org\",\"@graph\":[{\"@type\":\"WebPage\",\"@id\":\"https:\\\/\\\/reskin.balnea.ca\\\/en\\\/carrieres\\\/\",\"url\":\"https:\\\/\\\/reskin.balnea.ca\\\/en\\\/carrieres\\\/\",\"name\":\"Carri\u00e8res - Emplois disponibles | Balnea\",\"isPartOf\":{\"@id\":\"https:\\\/\\\/reskin.balnea.ca\\\/en\\\/#website\"},\"primaryImageOfPage\":{\"@id\":\"https:\\\/\\\/reskin.balnea.ca\\\/en\\\/carrieres\\\/#primaryimage\"},\"image\":{\"@id\":\"https:\\\/\\\/reskin.balnea.ca\\\/en\\\/carrieres\\\/#primaryimage\"},\"thumbnailUrl\":\"https:\\\/\\\/reskin.balnea.ca\\\/wp-content\\\/uploads\\\/2025\\\/10\\\/Vue-densemble-du-site-naturel-ou-se-trouve-le-BALNEA-spa-et-Beatnik-Hotel-Credit-photo-Philippe-Emond-scaled-e1760645419649.jpg\",\"datePublished\":\"2018-09-19T18:23:40+00:00\",\"dateModified\":\"2026-05-04T16:24:20+00:00\",\"description\":\"Nous avons plusieurs postes \u00e0 combler. Joignez-vous \u00e0 l'\u00e9quipe Balnea !\",\"breadcrumb\":{\"@id\":\"https:\\\/\\\/reskin.balnea.ca\\\/en\\\/carrieres\\\/#breadcrumb\"},\"inLanguage\":\"en-US\",\"potentialAction\":[{\"@type\":\"ReadAction\",\"target\":[\"https:\\\/\\\/reskin.balnea.ca\\\/en\\\/carrieres\\\/\"]}]},{\"@type\":\"ImageObject\",\"inLanguage\":\"en-US\",\"@id\":\"https:\\\/\\\/reskin.balnea.ca\\\/en\\\/carrieres\\\/#primaryimage\",\"url\":\"https:\\\/\\\/reskin.balnea.ca\\\/wp-content\\\/uploads\\\/2025\\\/10\\\/Vue-densemble-du-site-naturel-ou-se-trouve-le-BALNEA-spa-et-Beatnik-Hotel-Credit-photo-Philippe-Emond-scaled-e1760645419649.jpg\",\"contentUrl\":\"https:\\\/\\\/reskin.balnea.ca\\\/wp-content\\\/uploads\\\/2025\\\/10\\\/Vue-densemble-du-site-naturel-ou-se-trouve-le-BALNEA-spa-et-Beatnik-Hotel-Credit-photo-Philippe-Emond-scaled-e1760645419649.jpg\",\"width\":2543,\"height\":1436,\"caption\":\"default\"},{\"@type\":\"BreadcrumbList\",\"@id\":\"https:\\\/\\\/reskin.balnea.ca\\\/en\\\/carrieres\\\/#breadcrumb\",\"itemListElement\":[{\"@type\":\"ListItem\",\"position\":1,\"name\":\"Home\",\"item\":\"https:\\\/\\\/reskin.balnea.ca\\\/en\\\/\"},{\"@type\":\"ListItem\",\"position\":2,\"name\":\"Carri\u00e8res\"}]},{\"@type\":\"WebSite\",\"@id\":\"https:\\\/\\\/reskin.balnea.ca\\\/en\\\/#website\",\"url\":\"https:\\\/\\\/reskin.balnea.ca\\\/en\\\/\",\"name\":\"Balnea\",\"description\":\"Spa + r\u00e9serve thermale\",\"potentialAction\":[{\"@type\":\"SearchAction\",\"target\":{\"@type\":\"EntryPoint\",\"urlTemplate\":\"https:\\\/\\\/reskin.balnea.ca\\\/en\\\/?s={search_term_string}\"},\"query-input\":{\"@type\":\"PropertyValueSpecification\",\"valueRequired\":true,\"valueName\":\"search_term_string\"}}],\"inLanguage\":\"en-US\"}]}<\/script>\n<!-- \/ Yoast SEO plugin. -->","yoast_head_json":{"title":"Carri\u00e8res - Emplois disponibles | Balnea","description":"Nous avons plusieurs postes \u00e0 combler. Joignez-vous \u00e0 l'\u00e9quipe Balnea !","robots":{"index":"index","follow":"follow","max-snippet":"max-snippet:-1","max-image-preview":"max-image-preview:large","max-video-preview":"max-video-preview:-1"},"canonical":"https:\/\/reskin.balnea.ca\/en\/carrieres\/","og_locale":"en_US","og_type":"article","og_title":"Carri\u00e8res - Emplois disponibles | Balnea","og_description":"Nous avons plusieurs postes \u00e0 combler. Joignez-vous \u00e0 l'\u00e9quipe Balnea !","og_url":"https:\/\/reskin.balnea.ca\/en\/carrieres\/","og_site_name":"Balnea","article_modified_time":"2026-05-04T16:24:20+00:00","og_image":[{"width":2543,"height":1436,"url":"https:\/\/reskin.balnea.ca\/wp-content\/uploads\/2025\/10\/Vue-densemble-du-site-naturel-ou-se-trouve-le-BALNEA-spa-et-Beatnik-Hotel-Credit-photo-Philippe-Emond-scaled-e1760645419649.jpg","type":"image\/jpeg"}],"twitter_card":"summary_large_image","twitter_misc":{"Est. reading time":"5 minutes"},"schema":{"@context":"https:\/\/schema.org","@graph":[{"@type":"WebPage","@id":"https:\/\/reskin.balnea.ca\/en\/carrieres\/","url":"https:\/\/reskin.balnea.ca\/en\/carrieres\/","name":"Carri\u00e8res - Emplois disponibles | Balnea","isPartOf":{"@id":"https:\/\/reskin.balnea.ca\/en\/#website"},"primaryImageOfPage":{"@id":"https:\/\/reskin.balnea.ca\/en\/carrieres\/#primaryimage"},"image":{"@id":"https:\/\/reskin.balnea.ca\/en\/carrieres\/#primaryimage"},"thumbnailUrl":"https:\/\/reskin.balnea.ca\/wp-content\/uploads\/2025\/10\/Vue-densemble-du-site-naturel-ou-se-trouve-le-BALNEA-spa-et-Beatnik-Hotel-Credit-photo-Philippe-Emond-scaled-e1760645419649.jpg","datePublished":"2018-09-19T18:23:40+00:00","dateModified":"2026-05-04T16:24:20+00:00","description":"Nous avons plusieurs postes \u00e0 combler. Joignez-vous \u00e0 l'\u00e9quipe Balnea !","breadcrumb":{"@id":"https:\/\/reskin.balnea.ca\/en\/carrieres\/#breadcrumb"},"inLanguage":"en-US","potentialAction":[{"@type":"ReadAction","target":["https:\/\/reskin.balnea.ca\/en\/carrieres\/"]}]},{"@type":"ImageObject","inLanguage":"en-US","@id":"https:\/\/reskin.balnea.ca\/en\/carrieres\/#primaryimage","url":"https:\/\/reskin.balnea.ca\/wp-content\/uploads\/2025\/10\/Vue-densemble-du-site-naturel-ou-se-trouve-le-BALNEA-spa-et-Beatnik-Hotel-Credit-photo-Philippe-Emond-scaled-e1760645419649.jpg","contentUrl":"https:\/\/reskin.balnea.ca\/wp-content\/uploads\/2025\/10\/Vue-densemble-du-site-naturel-ou-se-trouve-le-BALNEA-spa-et-Beatnik-Hotel-Credit-photo-Philippe-Emond-scaled-e1760645419649.jpg","width":2543,"height":1436,"caption":"default"},{"@type":"BreadcrumbList","@id":"https:\/\/reskin.balnea.ca\/en\/carrieres\/#breadcrumb","itemListElement":[{"@type":"ListItem","position":1,"name":"Home","item":"https:\/\/reskin.balnea.ca\/en\/"},{"@type":"ListItem","position":2,"name":"Carri\u00e8res"}]},{"@type":"WebSite","@id":"https:\/\/reskin.balnea.ca\/en\/#website","url":"https:\/\/reskin.balnea.ca\/en\/","name":"Balnea","description":"Spa + r\u00e9serve thermale","potentialAction":[{"@type":"SearchAction","target":{"@type":"EntryPoint","urlTemplate":"https:\/\/reskin.balnea.ca\/en\/?s={search_term_string}"},"query-input":{"@type":"PropertyValueSpecification","valueRequired":true,"valueName":"search_term_string"}}],"inLanguage":"en-US"}]}},"_links":{"self":[{"href":"https:\/\/reskin.balnea.ca\/en\/wp-json\/wp\/v2\/pages\/602173","targetHints":{"allow":["GET"]}}],"collection":[{"href":"https:\/\/reskin.balnea.ca\/en\/wp-json\/wp\/v2\/pages"}],"about":[{"href":"https:\/\/reskin.balnea.ca\/en\/wp-json\/wp\/v2\/types\/page"}],"author":[{"embeddable":true,"href":"https:\/\/reskin.balnea.ca\/en\/wp-json\/wp\/v2\/users\/2341"}],"replies":[{"embeddable":true,"href":"https:\/\/reskin.balnea.ca\/en\/wp-json\/wp\/v2\/comments?post=602173"}],"version-history":[{"count":1,"href":"https:\/\/reskin.balnea.ca\/en\/wp-json\/wp\/v2\/pages\/602173\/revisions"}],"predecessor-version":[{"id":602541,"href":"https:\/\/reskin.balnea.ca\/en\/wp-json\/wp\/v2\/pages\/602173\/revisions\/602541"}],"wp:featuredmedia":[{"embeddable":true,"href":"https:\/\/reskin.balnea.ca\/en\/wp-json\/wp\/v2\/media\/601368"}],"wp:attachment":[{"href":"https:\/\/reskin.balnea.ca\/en\/wp-json\/wp\/v2\/media?parent=602173"}],"curies":[{"name":"wp","href":"https:\/\/api.w.org\/{rel}","templated":true}]}}