{"id":601654,"date":"2026-04-15T09:16:50","date_gmt":"2026-04-15T13:16:50","guid":{"rendered":"https:\/\/reskin.balnea.ca\/?page_id=601654"},"modified":"2026-05-04T21:43:55","modified_gmt":"2026-05-05T01:43:55","slug":"hotel-activites","status":"publish","type":"page","link":"https:\/\/reskin.balnea.ca\/en\/hotel-activites\/","title":{"rendered":"Activities"},"content":{"rendered":"<div  class=\"one withsmallpadding ppb_header \" style=\"text-align:center;padding:40px 0 40px 0;color:#7c7c7c;\" >\n<div class=\"standard_wrapper\">\n<div class=\"page_content_wrapper wide\">\n<div class=\"inner\">\n<div style=\"margin:auto;width:100%\">\n<h2 class=\"ppb_title\" style=\"color:#363226;\">To do on-site<\/h2>\n<\/div>\n<\/div>\n<\/div>\n<\/div>\n<\/div>\n<div class=\"standard_wrapper\">\n<div  class=\"ppb_image_boxed one_third\" style=\"\" >\n<div class=\"page_content_wrapper wide\">\n<div class=\"inner\">\n<div class=\"image_boxed_wrapper theme_radius\" style=\"text-align:center;\"><img decoding=\"async\" src=\"https:\/\/reskin.balnea.ca\/wp-content\/uploads\/2026\/04\/Activite_M2_spa.jpg\" alt=\"\"\/>\n<div class=\"image_boxed_content\" style=\"padding:40px;\">\n<h3>Balnea spa<\/h3>\n<p><a class=\"button small \" onclick=\"window.open('\/en\/e-ticket\/', '_self')\">Book<\/a>\n<\/div>\n<\/div>\n<\/div>\n<\/div>\n<\/div>\n<\/div>\n<div class=\"standard_wrapper\">\n<div  class=\"ppb_image_boxed one_third\" style=\"\" >\n<div class=\"page_content_wrapper wide\">\n<div class=\"inner\">\n<div class=\"image_boxed_wrapper theme_radius\" style=\"text-align:center;\"><img decoding=\"async\" src=\"https:\/\/reskin.balnea.ca\/wp-content\/uploads\/2026\/04\/Activite_M2_sentiers.jpg\" alt=\"\"\/>\n<div class=\"image_boxed_content\" style=\"padding:40px;\">\n<h3>Domaine du Lac Gale<\/h3>\n<p><a class=\"button small \" onclick=\"window.open('http:\/\/balnea.ca\/', '_self')\">The trails<\/a>\n<\/div>\n<\/div>\n<\/div>\n<\/div>\n<\/div>\n<\/div>\n<div class=\"standard_wrapper\">\n<div  class=\"ppb_image_boxed one_third last\" style=\"\" >\n<div class=\"page_content_wrapper wide\">\n<div class=\"inner\">\n<div class=\"image_boxed_wrapper theme_radius\" style=\"text-align:center;\"><img decoding=\"async\" src=\"https:\/\/reskin.balnea.ca\/wp-content\/uploads\/2026\/04\/Activite_M2_comptoir.jpg\" alt=\"\"\/>\n<div class=\"image_boxed_content\" style=\"padding:40px;\">\n<h3>Hotel&rsquo;s Counter<\/h3>\n<p><a class=\"button small \" onclick=\"window.open('https:\/\/reskin.balnea.ca\/wp-content\/uploads\/2026\/05\/Menu-Comptoir-de-lHotel.pdf', '_self')\">Our menu<\/a>\n<\/div>\n<\/div>\n<\/div>\n<\/div>\n<\/div>\n<\/div>\n<div class=\"standard_wrapper\">\n<div  class=\"ppb_image_boxed one_third\" style=\"\" >\n<div class=\"page_content_wrapper wide\">\n<div class=\"inner\">\n<div class=\"image_boxed_wrapper theme_radius\" style=\"text-align:center;\"><img decoding=\"async\" src=\"https:\/\/reskin.balnea.ca\/wp-content\/uploads\/2026\/04\/Activite_M2_dej.jpg\" alt=\"\"\/>\n<div class=\"image_boxed_content\" style=\"padding:40px;\">\n<h3>Comptoir de l&rsquo;h\u00f4tel<\/h3>\n<\/div>\n<\/div>\n<\/div>\n<\/div>\n<\/div>\n<\/div>\n<div class=\"standard_wrapper\">\n<div  class=\"ppb_image_boxed one_third\" style=\"\" >\n<div class=\"page_content_wrapper wide\">\n<div class=\"inner\">\n<div class=\"image_boxed_wrapper theme_radius\" style=\"text-align:center;\"><img decoding=\"async\" src=\"https:\/\/reskin.balnea.ca\/wp-content\/uploads\/2026\/04\/Activite_M2_piscine.jpg\" alt=\"\"\/>\n<div class=\"image_boxed_content\" style=\"padding:40px;\">\n<h3>the pool<\/h3>\n<\/div>\n<\/div>\n<\/div>\n<\/div>\n<\/div>\n<\/div>\n<div class=\"standard_wrapper\">\n<div  class=\"ppb_image_boxed one_third last\" style=\"\" >\n<div class=\"page_content_wrapper wide\">\n<div class=\"inner\">\n<div class=\"image_boxed_wrapper theme_radius\" style=\"text-align:center;\"><img decoding=\"async\" src=\"https:\/\/reskin.balnea.ca\/wp-content\/uploads\/2026\/04\/Activite_M2_comptoir.jpg\" alt=\"\"\/>\n<div class=\"image_boxed_content\" style=\"padding:40px;\">\n<h3>Common areas<\/h3>\n<\/div>\n<\/div>\n<\/div>\n<\/div>\n<\/div>\n<\/div>\n<div  class=\"one withsmallpadding ppb_header \" style=\"text-align:center;padding:40px 0 40px 0;color:#7c7c7c;\" >\n<div class=\"standard_wrapper\">\n<div class=\"page_content_wrapper wide\">\n<div class=\"inner\">\n<div style=\"margin:auto;width:100%\">\n<h2 class=\"ppb_title\" style=\"color:#363226;\">To do in the area<\/h2>\n<\/div>\n<\/div>\n<\/div>\n<\/div>\n<\/div>\n<div class=\"standard_wrapper\">\n<div  class=\"ppb_image_boxed one_third\" style=\"\" >\n<div class=\"page_content_wrapper wide\">\n<div class=\"inner\">\n<div class=\"image_boxed_wrapper theme_radius\" style=\"text-align:center;\"><img decoding=\"async\" src=\"https:\/\/reskin.balnea.ca\/wp-content\/uploads\/2026\/04\/Activite_M2_BME.jpg\" alt=\"\"\/>\n<div class=\"image_boxed_content\" style=\"padding:40px;\">\n<h3 style=\"text-align: left;\">Bromont, Montagne d&rsquo;exp\u00e9riences<\/h3>\n<p style=\"text-align: left;\"><span style=\"color: #d9d9d9;\">Distance from the hotel: 9 km<\/span><\/p>\n<p style=\"text-align: left;\"><a class=\"button small \">More details<\/a><\/p>\n<\/div>\n<\/div>\n<\/div>\n<\/div>\n<\/div>\n<\/div>\n<div class=\"standard_wrapper\">\n<div  class=\"ppb_image_boxed one_third\" style=\"\" >\n<div class=\"page_content_wrapper wide\">\n<div class=\"inner\">\n<div class=\"image_boxed_wrapper theme_radius\" style=\"text-align:center;\"><img decoding=\"async\" src=\"https:\/\/reskin.balnea.ca\/wp-content\/uploads\/2026\/04\/Activite_M2_Sutton.jpg\" alt=\"\"\/>\n<div class=\"image_boxed_content\" style=\"padding:40px;\">\n<h3 style=\"text-align: left;\">Mont Sutton<\/h3>\n<p style=\"text-align: left;\"><span style=\"color: #d9d9d9;\">Distance from the hotel: 31 km<\/span><\/p>\n<p style=\"text-align: left;\"><a class=\"button small \">More details<\/a><\/p>\n<\/div>\n<\/div>\n<\/div>\n<\/div>\n<\/div>\n<\/div>\n<div class=\"standard_wrapper\">\n<div  class=\"ppb_image_boxed one_third last\" style=\"\" >\n<div class=\"page_content_wrapper wide\">\n<div class=\"inner\">\n<div class=\"image_boxed_wrapper theme_radius\" style=\"text-align:center;\"><img decoding=\"async\" src=\"https:\/\/reskin.balnea.ca\/wp-content\/uploads\/2026\/04\/Activite_M2_equestre.jpg\" alt=\"\"\/>\n<div class=\"image_boxed_content\" style=\"padding:40px;\">\n<h3 style=\"text-align: left;\">Equestrian park<\/h3>\n<p style=\"text-align: left;\"><span style=\"color: #d9d9d9;\">Distance from the hotel: 3.5 km<\/span><\/p>\n<p style=\"text-align: left;\"><a class=\"button small \">More details<\/a><\/p>\n<\/div>\n<\/div>\n<\/div>\n<\/div>\n<\/div>\n<\/div>\n<div class=\"standard_wrapper\">\n<div  class=\"ppb_image_boxed one_third\" style=\"\" >\n<div class=\"page_content_wrapper wide\">\n<div class=\"inner\">\n<div class=\"image_boxed_wrapper theme_radius\" style=\"text-align:center;\"><img decoding=\"async\" src=\"https:\/\/reskin.balnea.ca\/wp-content\/uploads\/2026\/04\/Activite_M2_routevin.jpg\" alt=\"\"\/>\n<div class=\"image_boxed_content\" style=\"padding:40px;\">\n<h3 style=\"text-align: left;\">Wine route<\/h3>\n<p style=\"text-align: left;\"><span style=\"color: #d9d9d9;\">Distance from the hotel : 6 routes<\/span><\/p>\n<p style=\"text-align: left;\"><a class=\"button small \">More details<\/a><\/p>\n<\/div>\n<\/div>\n<\/div>\n<\/div>\n<\/div>\n<\/div>\n<div class=\"standard_wrapper\">\n<div  class=\"ppb_image_boxed one_third\" style=\"\" >\n<div class=\"page_content_wrapper wide\">\n<div class=\"inner\">\n<div class=\"image_boxed_wrapper theme_radius\" style=\"text-align:center;\"><img decoding=\"async\" src=\"https:\/\/reskin.balnea.ca\/wp-content\/uploads\/2026\/04\/Activite_M2_CNVB.jpg\" alt=\"\"\/>\n<div class=\"image_boxed_content\" style=\"padding:40px;\">\n<h3 style=\"text-align: left;\">Centre National de Cyclisme de Bromont<\/h3>\n<p style=\"text-align: left;\"><span style=\"color: #d9d9d9;\">Distance from the hotel : 9 km<\/span><\/p>\n<p style=\"text-align: left;\"><a class=\"button small \">More details<\/a><\/p>\n<\/div>\n<\/div>\n<\/div>\n<\/div>\n<\/div>\n<\/div>\n<div class=\"standard_wrapper\">\n<div  class=\"ppb_image_boxed one_third last\" style=\"\" >\n<div class=\"page_content_wrapper wide\">\n<div class=\"inner\">\n<div class=\"image_boxed_wrapper theme_radius\" style=\"text-align:center;\"><img decoding=\"async\" src=\"https:\/\/reskin.balnea.ca\/wp-content\/uploads\/2026\/04\/Activite_M2_routevin.jpg\" alt=\"\"\/>\n<div class=\"image_boxed_content\" style=\"padding:40px;\">\n<h3 style=\"text-align: left;\">Le Royal Bromont<\/h3>\n<p style=\"text-align: left;\"><span style=\"color: #d9d9d9;\">Distance from the hotel : 9 km<\/span><\/p>\n<p style=\"text-align: left;\"><a class=\"button small \">More details<\/a><\/p>\n<\/div>\n<\/div>\n<\/div>\n<\/div>\n<\/div>\n<\/div>\n<div class=\"standard_wrapper\">\n<div  class=\"ppb_image_boxed one_third\" style=\"\" >\n<div class=\"page_content_wrapper wide\">\n<div class=\"inner\">\n<div class=\"image_boxed_wrapper theme_radius\" style=\"text-align:center;\"><img decoding=\"async\" src=\"https:\/\/reskin.balnea.ca\/wp-content\/uploads\/2026\/04\/Activite_M2_velomontagne.jpg\" alt=\"\"\/>\n<div class=\"image_boxed_content\" style=\"padding:40px;\">\n<h3 style=\"text-align: left;\">Mountain bike<\/h3>\n<p style=\"text-align: left;\"><span style=\"color: #d9d9d9;\">Distance from the hotel : 9 km<\/span><\/p>\n<p style=\"text-align: left;\"><a class=\"button small \" onclick=\"window.open('https:\/\/parcdessommets.com\/activite\/velo-de-montagne\/', '_self')\">More details<\/a><\/p>\n<\/div>\n<\/div>\n<\/div>\n<\/div>\n<\/div>\n<\/div>\n<div class=\"standard_wrapper\">\n<div  class=\"ppb_image_boxed one_third\" style=\"\" >\n<div class=\"page_content_wrapper wide\">\n<div class=\"inner\">\n<div class=\"image_boxed_wrapper theme_radius\" style=\"text-align:center;\"><img decoding=\"async\" src=\"https:\/\/reskin.balnea.ca\/wp-content\/uploads\/2026\/04\/Activite_M2_orford.jpg\" alt=\"\"\/>\n<div class=\"image_boxed_content\" style=\"padding:40px;\">\n<h3 style=\"text-align: left;\">Mont-Orford<\/h3>\n<p style=\"text-align: left;\"><span style=\"color: #d9d9d9;\">Distance from the hotel : 53 km<\/span><\/p>\n<p style=\"text-align: left;\"><a class=\"button small \">More details<\/a><\/p>\n<\/div>\n<\/div>\n<\/div>\n<\/div>\n<\/div>\n<\/div>\n<div class=\"standard_wrapper\">\n<div  class=\"ppb_image_boxed one_third last\" style=\"\" >\n<div class=\"page_content_wrapper wide\">\n<div class=\"inner\">\n<div class=\"image_boxed_wrapper theme_radius\" style=\"text-align:center;\"><img decoding=\"async\" src=\"https:\/\/reskin.balnea.ca\/wp-content\/uploads\/2026\/04\/Activite_M2_zoo.jpg\" alt=\"\"\/>\n<div class=\"image_boxed_content\" style=\"padding:40px;\">\n<h3 style=\"text-align: left;\">Zoo de Granby<\/h3>\n<p style=\"text-align: left;\"><span style=\"color: #d9d9d9;\">Distance from the hotel : 24 km<\/span><\/p>\n<p style=\"text-align: left;\"><a class=\"button small \">More details<\/a><\/p>\n<\/div>\n<\/div>\n<\/div>\n<\/div>\n<\/div>\n<\/div>\n<div class=\"standard_wrapper\">\n<div  class=\"ppb_image_boxed one_third\" style=\"\" >\n<div class=\"page_content_wrapper wide\">\n<div class=\"inner\">\n<div class=\"image_boxed_wrapper theme_radius\" style=\"text-align:center;\"><img decoding=\"async\" src=\"https:\/\/reskin.balnea.ca\/wp-content\/uploads\/2026\/04\/Activite_M2_Estriade.jpg\" alt=\"\"\/>\n<div class=\"image_boxed_content\" style=\"padding:40px;\">\n<h3 style=\"text-align: left;\">L&rsquo;Estriade<\/h3>\n<p style=\"text-align: left;\"><span style=\"color: #d9d9d9;\"><\/p>\n<p><span>Distance from the hotel: 6 driving routes and 4 cycling routes<\/span><\/p>\n<p style=\"text-align: left;\"><a class=\"button small \">Details<\/a><\/p>\n<\/div>\n<\/div>\n<\/div>\n<\/div>\n<\/div>\n<\/div>\n<div  class=\"one withsmallpadding ppb_header \" style=\"text-align:center;padding:40px 0 40px 0;color:#7c7c7c;\" >\n<div class=\"standard_wrapper\">\n<div class=\"page_content_wrapper wide\">\n<div class=\"inner\">\n<div style=\"margin:auto;width:100%\">\n<h2 class=\"ppb_title\" style=\"color:#363226;\">Nearby restaurants<\/h2>\n<\/div>\n<\/div>\n<\/div>\n<\/div>\n<\/div>\n<div class=\"standard_wrapper\">\n<div  class=\"ppb_image_boxed one_third\" style=\"\" >\n<div class=\"page_content_wrapper wide\">\n<div class=\"inner\">\n<div class=\"image_boxed_wrapper theme_radius\" style=\"text-align:center;\"><img decoding=\"async\" src=\"https:\/\/reskin.balnea.ca\/wp-content\/uploads\/2026\/04\/Activite_M2_comptoir-1.jpg\" alt=\"\"\/>\n<div class=\"image_boxed_content\" style=\"padding:40px;\">\n<h3 style=\"text-align: left;\">Hotel&rsquo;s Counter<\/h3>\n<p style=\"text-align: left;\"><span style=\"color: #d9d9d9;\">Distance from the hotel : on-site<\/span><\/p>\n<p style=\"text-align: left;\"><a class=\"button small \">More details<\/a><\/p>\n<\/div>\n<\/div>\n<\/div>\n<\/div>\n<\/div>\n<\/div>\n<div class=\"standard_wrapper\">\n<div  class=\"ppb_image_boxed one_third\" style=\"\" >\n<div class=\"page_content_wrapper wide\">\n<div class=\"inner\">\n<div class=\"image_boxed_wrapper theme_radius\" style=\"text-align:center;\"><img decoding=\"async\" src=\"https:\/\/reskin.balnea.ca\/wp-content\/uploads\/2026\/04\/Activite_M2_LUMAMI.jpg\" alt=\"\"\/>\n<div class=\"image_boxed_content\" style=\"padding:40px;\">\n<h3 style=\"text-align: left;\">Lumami<\/h3>\n<p style=\"text-align: left;\"><span style=\"color: #d9d9d9;\">Distance from the hotel : 500 meters<\/span><\/p>\n<p style=\"text-align: left;\"><a class=\"button small \">More details<\/a><\/p>\n<\/div>\n<\/div>\n<\/div>\n<\/div>\n<\/div>\n<\/div>\n<div class=\"standard_wrapper\">\n<div  class=\"ppb_image_boxed one_third last\" style=\"\" >\n<div class=\"page_content_wrapper wide\">\n<div class=\"inner\">\n<div class=\"image_boxed_wrapper theme_radius\" style=\"text-align:center;\"><img decoding=\"async\" src=\"https:\/\/reskin.balnea.ca\/wp-content\/uploads\/2026\/04\/Activite_M2_Pittnik.jpg\" alt=\"\"\/>\n<div class=\"image_boxed_content\" style=\"padding:40px;\">\n<h3 style=\"text-align: left;\">Pittnik<\/h3>\n<p style=\"text-align: left;\"><span style=\"color: #d9d9d9;\">Distance from the hotel : 7 km<\/span><\/p>\n<p style=\"text-align: left;\"><a class=\"button small \">More details<\/a><\/p>\n<\/div>\n<\/div>\n<\/div>\n<\/div>\n<\/div>\n<\/div>\n<div class=\"standard_wrapper\">\n<div  class=\"ppb_image_boxed one_third\" style=\"\" >\n<div class=\"page_content_wrapper wide\">\n<div class=\"inner\">\n<div class=\"image_boxed_wrapper theme_radius\" style=\"text-align:center;\"><img decoding=\"async\" src=\"https:\/\/reskin.balnea.ca\/wp-content\/uploads\/2026\/04\/Activite_M2_Babar.jpg\" alt=\"\"\/>\n<div class=\"image_boxed_content\" style=\"padding:40px;\">\n<h3 style=\"text-align: left;\">Babar<\/h3>\n<p style=\"text-align: left;\"><span style=\"color: #d9d9d9;\">Distance from the hotel : 7 km<\/span><\/p>\n<p style=\"text-align: left;\"><a class=\"button small \">More details<\/a><\/p>\n<\/div>\n<\/div>\n<\/div>\n<\/div>\n<\/div>\n<\/div>\n<div class=\"standard_wrapper\">\n<div  class=\"ppb_image_boxed one_third\" style=\"\" >\n<div class=\"page_content_wrapper wide\">\n<div class=\"inner\">\n<div class=\"image_boxed_wrapper theme_radius\" style=\"text-align:center;\"><img decoding=\"async\" src=\"https:\/\/reskin.balnea.ca\/wp-content\/uploads\/2026\/04\/Activite_M2_Selva.jpg\" alt=\"\"\/>\n<div class=\"image_boxed_content\" style=\"padding:40px;\">\n<h3 style=\"text-align: left;\">La Selva<\/h3>\n<p style=\"text-align: left;\"><span style=\"color: #d9d9d9;\">Distance from the hotel : 8 km<\/span><\/p>\n<p style=\"text-align: left;\"><a class=\"button small \">More details<\/a><\/p>\n<\/div>\n<\/div>\n<\/div>\n<\/div>\n<\/div>\n<\/div>\n<div class=\"standard_wrapper\">\n<div  class=\"ppb_image_boxed one_third last\" style=\"\" >\n<div class=\"page_content_wrapper wide\">\n<div class=\"inner\">\n<div class=\"image_boxed_wrapper theme_radius\" style=\"text-align:center;\"><img decoding=\"async\" src=\"https:\/\/reskin.balnea.ca\/wp-content\/uploads\/2026\/04\/Activite_M2_Nlatte.jpg\" alt=\"\"\/>\n<div class=\"image_boxed_content\" style=\"padding:40px;\">\n<h3 style=\"text-align: left;\">NLatt\u00e9<\/h3>\n<p style=\"text-align: left;\"><span style=\"color: #d9d9d9;\">Distance from the hotel :7 km<\/span><\/p>\n<p style=\"text-align: left;\"><a class=\"button small \">More details<\/a><\/p>\n<\/div>\n<\/div>\n<\/div>\n<\/div>\n<\/div>\n<\/div>\n","protected":false},"excerpt":{"rendered":"<p>To do on-site Balnea spa Book Domaine du Lac Gale The trails Hotel&rsquo;s Counter Our menu Comptoir de l&rsquo;h\u00f4tel the pool Common areas To do in the area Bromont, Montagne d&rsquo;exp\u00e9riences Distance from the hotel: 9 km More details Mont [&hellip;]<\/p>\n","protected":false},"author":2341,"featured_media":601840,"parent":0,"menu_order":3,"comment_status":"closed","ping_status":"closed","template":"","meta":{"_acf_changed":false,"footnotes":""},"class_list":["post-601654","page","type-page","status-publish","has-post-thumbnail","hentry"],"acf":[],"yoast_head":"<!-- This site is optimized with the Yoast SEO plugin v27.3 - https:\/\/yoast.com\/product\/yoast-seo-wordpress\/ -->\n<title>H\u00f4tel | Activities nearby<\/title>\n<meta name=\"description\" content=\"Enjoy a hotel stay and explore a wide range of nearby activities: outdoor adventures, relaxation, gourmet discoveries, and unique experiences.\" \/>\n<meta name=\"robots\" content=\"index, follow, max-snippet:-1, max-image-preview:large, max-video-preview:-1\" \/>\n<link rel=\"canonical\" href=\"https:\/\/reskin.balnea.ca\/en\/hotel-activites\/\" \/>\n<meta property=\"og:locale\" content=\"en_US\" \/>\n<meta property=\"og:type\" content=\"article\" \/>\n<meta property=\"og:title\" content=\"Promotions | BALNEA\" \/>\n<meta property=\"og:description\" content=\"Une panoplie d&#039;activit\u00e9s de d\u00e9tente s&#039;offrent \u00e0 vous ! Des sp\u00e9ciaux en tout temps, des forfaits \u00e9clectiques en famille, en couple ou solo ! Consultez nos offres !\" \/>\n<meta property=\"og:url\" content=\"https:\/\/reskin.balnea.ca\/en\/hotel-activites\/\" \/>\n<meta property=\"og:site_name\" content=\"Balnea\" \/>\n<meta property=\"article:modified_time\" content=\"2026-05-05T01:43:55+00:00\" \/>\n<meta property=\"og:image\" content=\"https:\/\/reskin.balnea.ca\/wp-content\/uploads\/2024\/11\/0F8A9641-scaled.jpg\" \/>\n\t<meta property=\"og:image:width\" content=\"2560\" \/>\n\t<meta property=\"og:image:height\" content=\"1708\" \/>\n\t<meta property=\"og:image:type\" content=\"image\/jpeg\" \/>\n<meta name=\"twitter:card\" content=\"summary_large_image\" \/>\n<meta name=\"twitter:title\" content=\"Promotions | BALNEA\" \/>\n<meta name=\"twitter:description\" content=\"Une panoplie d&#039;activit\u00e9s de d\u00e9tente s&#039;offrent \u00e0 vous ! Des sp\u00e9ciaux en tout temps, des forfaits \u00e9clectiques en famille, en couple ou solo ! Consultez nos offres !\" \/>\n<meta name=\"twitter:image\" content=\"https:\/\/reskin.balnea.ca\/wp-content\/uploads\/2024\/11\/0F8A9641-scaled.jpg\" \/>\n<meta name=\"twitter:label1\" content=\"Est. reading time\" \/>\n\t<meta name=\"twitter:data1\" content=\"4 minutes\" \/>\n<script type=\"application\/ld+json\" class=\"yoast-schema-graph\">{\"@context\":\"https:\\\/\\\/schema.org\",\"@graph\":[{\"@type\":\"WebPage\",\"@id\":\"https:\\\/\\\/reskin.balnea.ca\\\/en\\\/hotel-activites\\\/\",\"url\":\"https:\\\/\\\/reskin.balnea.ca\\\/en\\\/hotel-activites\\\/\",\"name\":\"H\u00f4tel | Activities nearby\",\"isPartOf\":{\"@id\":\"https:\\\/\\\/reskin.balnea.ca\\\/en\\\/#website\"},\"primaryImageOfPage\":{\"@id\":\"https:\\\/\\\/reskin.balnea.ca\\\/en\\\/hotel-activites\\\/#primaryimage\"},\"image\":{\"@id\":\"https:\\\/\\\/reskin.balnea.ca\\\/en\\\/hotel-activites\\\/#primaryimage\"},\"thumbnailUrl\":\"https:\\\/\\\/reskin.balnea.ca\\\/wp-content\\\/uploads\\\/2026\\\/04\\\/Hero_1930x800_7.png\",\"datePublished\":\"2026-04-15T13:16:50+00:00\",\"dateModified\":\"2026-05-05T01:43:55+00:00\",\"description\":\"Enjoy a hotel stay and explore a wide range of nearby activities: outdoor adventures, relaxation, gourmet discoveries, and unique experiences.\",\"breadcrumb\":{\"@id\":\"https:\\\/\\\/reskin.balnea.ca\\\/en\\\/hotel-activites\\\/#breadcrumb\"},\"inLanguage\":\"en-US\",\"potentialAction\":[{\"@type\":\"ReadAction\",\"target\":[\"https:\\\/\\\/reskin.balnea.ca\\\/en\\\/hotel-activites\\\/\"]}]},{\"@type\":\"ImageObject\",\"inLanguage\":\"en-US\",\"@id\":\"https:\\\/\\\/reskin.balnea.ca\\\/en\\\/hotel-activites\\\/#primaryimage\",\"url\":\"https:\\\/\\\/reskin.balnea.ca\\\/wp-content\\\/uploads\\\/2026\\\/04\\\/Hero_1930x800_7.png\",\"contentUrl\":\"https:\\\/\\\/reskin.balnea.ca\\\/wp-content\\\/uploads\\\/2026\\\/04\\\/Hero_1930x800_7.png\",\"width\":1930,\"height\":800},{\"@type\":\"BreadcrumbList\",\"@id\":\"https:\\\/\\\/reskin.balnea.ca\\\/en\\\/hotel-activites\\\/#breadcrumb\",\"itemListElement\":[{\"@type\":\"ListItem\",\"position\":1,\"name\":\"Home\",\"item\":\"https:\\\/\\\/reskin.balnea.ca\\\/en\\\/\"},{\"@type\":\"ListItem\",\"position\":2,\"name\":\"Activities\"}]},{\"@type\":\"WebSite\",\"@id\":\"https:\\\/\\\/reskin.balnea.ca\\\/en\\\/#website\",\"url\":\"https:\\\/\\\/reskin.balnea.ca\\\/en\\\/\",\"name\":\"Balnea\",\"description\":\"Spa + r\u00e9serve thermale\",\"potentialAction\":[{\"@type\":\"SearchAction\",\"target\":{\"@type\":\"EntryPoint\",\"urlTemplate\":\"https:\\\/\\\/reskin.balnea.ca\\\/en\\\/?s={search_term_string}\"},\"query-input\":{\"@type\":\"PropertyValueSpecification\",\"valueRequired\":true,\"valueName\":\"search_term_string\"}}],\"inLanguage\":\"en-US\"}]}<\/script>\n<!-- \/ Yoast SEO plugin. -->","yoast_head_json":{"title":"H\u00f4tel | Activities nearby","description":"Enjoy a hotel stay and explore a wide range of nearby activities: outdoor adventures, relaxation, gourmet discoveries, and unique experiences.","robots":{"index":"index","follow":"follow","max-snippet":"max-snippet:-1","max-image-preview":"max-image-preview:large","max-video-preview":"max-video-preview:-1"},"canonical":"https:\/\/reskin.balnea.ca\/en\/hotel-activites\/","og_locale":"en_US","og_type":"article","og_title":"Promotions | BALNEA","og_description":"Une panoplie d'activit\u00e9s de d\u00e9tente s'offrent \u00e0 vous ! Des sp\u00e9ciaux en tout temps, des forfaits \u00e9clectiques en famille, en couple ou solo ! Consultez nos offres !","og_url":"https:\/\/reskin.balnea.ca\/en\/hotel-activites\/","og_site_name":"Balnea","article_modified_time":"2026-05-05T01:43:55+00:00","og_image":[{"width":2560,"height":1708,"url":"https:\/\/reskin.balnea.ca\/wp-content\/uploads\/2024\/11\/0F8A9641-scaled.jpg","type":"image\/jpeg"}],"twitter_card":"summary_large_image","twitter_title":"Promotions | BALNEA","twitter_description":"Une panoplie d'activit\u00e9s de d\u00e9tente s'offrent \u00e0 vous ! Des sp\u00e9ciaux en tout temps, des forfaits \u00e9clectiques en famille, en couple ou solo ! Consultez nos offres !","twitter_image":"https:\/\/reskin.balnea.ca\/wp-content\/uploads\/2024\/11\/0F8A9641-scaled.jpg","twitter_misc":{"Est. reading time":"4 minutes"},"schema":{"@context":"https:\/\/schema.org","@graph":[{"@type":"WebPage","@id":"https:\/\/reskin.balnea.ca\/en\/hotel-activites\/","url":"https:\/\/reskin.balnea.ca\/en\/hotel-activites\/","name":"H\u00f4tel | Activities nearby","isPartOf":{"@id":"https:\/\/reskin.balnea.ca\/en\/#website"},"primaryImageOfPage":{"@id":"https:\/\/reskin.balnea.ca\/en\/hotel-activites\/#primaryimage"},"image":{"@id":"https:\/\/reskin.balnea.ca\/en\/hotel-activites\/#primaryimage"},"thumbnailUrl":"https:\/\/reskin.balnea.ca\/wp-content\/uploads\/2026\/04\/Hero_1930x800_7.png","datePublished":"2026-04-15T13:16:50+00:00","dateModified":"2026-05-05T01:43:55+00:00","description":"Enjoy a hotel stay and explore a wide range of nearby activities: outdoor adventures, relaxation, gourmet discoveries, and unique experiences.","breadcrumb":{"@id":"https:\/\/reskin.balnea.ca\/en\/hotel-activites\/#breadcrumb"},"inLanguage":"en-US","potentialAction":[{"@type":"ReadAction","target":["https:\/\/reskin.balnea.ca\/en\/hotel-activites\/"]}]},{"@type":"ImageObject","inLanguage":"en-US","@id":"https:\/\/reskin.balnea.ca\/en\/hotel-activites\/#primaryimage","url":"https:\/\/reskin.balnea.ca\/wp-content\/uploads\/2026\/04\/Hero_1930x800_7.png","contentUrl":"https:\/\/reskin.balnea.ca\/wp-content\/uploads\/2026\/04\/Hero_1930x800_7.png","width":1930,"height":800},{"@type":"BreadcrumbList","@id":"https:\/\/reskin.balnea.ca\/en\/hotel-activites\/#breadcrumb","itemListElement":[{"@type":"ListItem","position":1,"name":"Home","item":"https:\/\/reskin.balnea.ca\/en\/"},{"@type":"ListItem","position":2,"name":"Activities"}]},{"@type":"WebSite","@id":"https:\/\/reskin.balnea.ca\/en\/#website","url":"https:\/\/reskin.balnea.ca\/en\/","name":"Balnea","description":"Spa + r\u00e9serve thermale","potentialAction":[{"@type":"SearchAction","target":{"@type":"EntryPoint","urlTemplate":"https:\/\/reskin.balnea.ca\/en\/?s={search_term_string}"},"query-input":{"@type":"PropertyValueSpecification","valueRequired":true,"valueName":"search_term_string"}}],"inLanguage":"en-US"}]}},"_links":{"self":[{"href":"https:\/\/reskin.balnea.ca\/en\/wp-json\/wp\/v2\/pages\/601654","targetHints":{"allow":["GET"]}}],"collection":[{"href":"https:\/\/reskin.balnea.ca\/en\/wp-json\/wp\/v2\/pages"}],"about":[{"href":"https:\/\/reskin.balnea.ca\/en\/wp-json\/wp\/v2\/types\/page"}],"author":[{"embeddable":true,"href":"https:\/\/reskin.balnea.ca\/en\/wp-json\/wp\/v2\/users\/2341"}],"replies":[{"embeddable":true,"href":"https:\/\/reskin.balnea.ca\/en\/wp-json\/wp\/v2\/comments?post=601654"}],"version-history":[{"count":1,"href":"https:\/\/reskin.balnea.ca\/en\/wp-json\/wp\/v2\/pages\/601654\/revisions"}],"predecessor-version":[{"id":602474,"href":"https:\/\/reskin.balnea.ca\/en\/wp-json\/wp\/v2\/pages\/601654\/revisions\/602474"}],"wp:featuredmedia":[{"embeddable":true,"href":"https:\/\/reskin.balnea.ca\/en\/wp-json\/wp\/v2\/media\/601840"}],"wp:attachment":[{"href":"https:\/\/reskin.balnea.ca\/en\/wp-json\/wp\/v2\/media?parent=601654"}],"curies":[{"name":"wp","href":"https:\/\/api.w.org\/{rel}","templated":true}]}}