{"id":497846,"date":"2024-10-08T11:25:38","date_gmt":"2024-10-08T15:25:38","guid":{"rendered":"https:\/\/reskin.balnea.ca\/?page_id=497846"},"modified":"2025-11-13T08:23:43","modified_gmt":"2025-11-13T13:23:43","slug":"experience-balnea","status":"publish","type":"page","link":"https:\/\/reskin.balnea.ca\/en\/experience-balnea\/","title":{"rendered":"Discover BALNEA"},"content":{"rendered":"<div class=\"divider one\">&nbsp;<\/div>\n<div  class=\"one ppb_card_two_cols_with_image\" style=\"position:relative;padding:40px 0 40px 0;color:#7c7c7c;\" >\n<div class=\"standard_wrapper\">\n<div class=\"page_content_wrapper wide\">\n<div class=\"inner\">\n<div class=\"one_half parallax_scroll parallax_text\" style=\"width:40%;position:absolute;padding:40px;z-index:2;block !important;background:#fff;\" data-stellar-ratio=\"1.3\">\n<h2 class=\"ppb_title\" style=\"color:#41535d;\">Thermal experience<\/h2>\n<div class=\"ppb_header_content\">\n<p>Come and discover the benefits of the <a href=\"https:\/\/reskin.balnea.ca\/en\/experience-thermale-2\/\" target=\"_blank\" rel=\"noopener\"><span style=\"text-decoration: underline;\"><strong>thermal experience<\/strong><\/span><\/a> by trying one of the 480 possible combinations. Also, <a href=\"https:\/\/reskin.balnea.ca\/en\/projetbalnea\/\" target=\"_blank\" rel=\"noopener\"><span style=\"text-decoration: underline;\"><strong>explore our two newest facilities<\/strong><\/span><\/a>: our infinity hot tub and our four-season relaxation room.<\/p>\n<\/div>\n<\/div>\n<div class=\"one_half parallax_scroll_image last\" style=\"width:65%;\">\n<div class=\"image_classic_frame expand\">\n<div class=\"image_wrapper\"><img decoding=\"async\" src=\"https:\/\/reskin.balnea.ca\/wp-content\/uploads\/2025\/11\/Design-sans-titre-13.png\" alt=\"\" class=\"portfolio_img\"\/><\/div>\n<\/div>\n<\/div>\n<p><br class=\"clear\"\/><\/div>\n<\/div>\n<\/div>\n<\/div>\n<\/div>\n<div  class=\"one ppb_card_two_cols_with_image\" style=\"position:relative;padding:40px 0 40px 0;color:#7c7c7c;\" >\n<div class=\"standard_wrapper\">\n<div class=\"page_content_wrapper wide\">\n<div class=\"inner\">\n<div class=\"one_half parallax_scroll_image\" style=\"width:65%;\">\n<div class=\"image_classic_frame expand\">\n<div class=\"image_wrapper\"><img decoding=\"async\" src=\"https:\/\/reskin.balnea.ca\/wp-content\/uploads\/2024\/10\/Creation-sans-titre-44.jpg\" alt=\"\" class=\"portfolio_img\"\/><\/div>\n<\/div>\n<\/div>\n<div class=\"one_half last parallax_scroll parallax_text\" style=\"width:40%;position:absolute;padding:40px;background:#fff;\" data-stellar-ratio=\"1.3\">\n<h2 class=\"ppb_title\" style=\"color:#41535d;\">Treatments<\/h2>\n<div class=\"ppb_header_content\">\n<p><a href=\"https:\/\/reskin.balnea.ca\/en\/category\/massages-balnea\/\" target=\"_blank\" rel=\"noopener\"><span style=\"text-decoration: underline;\"><strong>Traditional or classic massages<\/strong><\/span><\/a>, <a href=\"https:\/\/reskin.balnea.ca\/en\/category\/facials-balnea\/\" target=\"_blank\" rel=\"noopener\"><span style=\"text-decoration: underline;\"><strong>exceptional beauty treatments<\/strong><\/span><\/a>\u2014the elite therapists of Quebec constantly refine their skills and renew their expertise to offer a truly outstanding care and massage therapy experience: your best treatment ever!<\/p>\n<\/div>\n<\/div>\n<p><br class=\"clear\"\/><\/div>\n<\/div>\n<\/div>\n<\/div>\n<\/div>\n<div  class=\"one ppb_card_two_cols_with_image\" style=\"position:relative;padding:40px 0 40px 0;color:#7c7c7c;\" >\n<div class=\"standard_wrapper\">\n<div class=\"page_content_wrapper wide\">\n<div class=\"inner\">\n<div class=\"one_half parallax_scroll parallax_text\" style=\"width:40%;position:absolute;padding:40px;z-index:2;block !important;background:#ffffff;\" data-stellar-ratio=\"1.3\">\n<h2 class=\"ppb_title\" style=\"color:#41535d;\">LUMAMI<\/h2>\n<div class=\"ppb_header_content\">\n<p>Refined, healthy, and creative cuisine, with a carefully crafted and warm design, along with attentive service for a unique gourmet experience. <a href=\"https:\/\/reskin.balnea.ca\/en\/menu-lumami\/\" target=\"_blank\" rel=\"noopener\"><span style=\"text-decoration: underline;\"><strong>The menu<\/strong><\/span><\/a> features a variety of seasonal dishes\u2014fleeting and delicate.<\/p>\n<\/div>\n<\/div>\n<div class=\"one_half parallax_scroll_image last\" style=\"width:65%;\">\n<div class=\"image_classic_frame expand\">\n<div class=\"image_wrapper\"><img decoding=\"async\" src=\"https:\/\/reskin.balnea.ca\/wp-content\/uploads\/2024\/10\/Creation-sans-titre-45.jpg\" alt=\"\" class=\"portfolio_img\"\/><\/div>\n<\/div>\n<\/div>\n<p><br class=\"clear\"\/><\/div>\n<\/div>\n<\/div>\n<\/div>\n<\/div>\n<div  class=\"one ppb_card_two_cols_with_image\" style=\"position:relative;padding:40px 0 40px 0;color:#7c7c7c;\" >\n<div class=\"standard_wrapper\">\n<div class=\"page_content_wrapper wide\">\n<div class=\"inner\">\n<div class=\"one_half parallax_scroll_image\" style=\"width:65%;\">\n<div class=\"image_classic_frame expand\">\n<div class=\"image_wrapper\"><img decoding=\"async\" src=\"https:\/\/reskin.balnea.ca\/wp-content\/uploads\/2024\/10\/Creation-sans-titre-46.jpg\" alt=\"\" class=\"portfolio_img\"\/><\/div>\n<\/div>\n<\/div>\n<div class=\"one_half last parallax_scroll parallax_text\" style=\"width:40%;position:absolute;padding:40px;background:#fff;\" data-stellar-ratio=\"1.3\">\n<h2 class=\"ppb_title\" style=\"color:#41535d;\">Gardens<\/h2>\n<div class=\"ppb_header_content\">\n<p>In the spring of 2023, we sowed the first seeds of a project very dear to our hearts: gardens intended to supply the LUMAMI restaurant. Since summer 2024, our chef has been inspired by the treasures grown to create <a href=\"https:\/\/reskin.balnea.ca\/en\/menu-lumami\/\" target=\"_blank\" rel=\"noopener\"><span style=\"text-decoration: underline;\"><strong>the menu<\/strong><\/span><\/a>.<\/p>\n<p>Let yourself be surprised by seasonal dishes with vibrant colors and exquisite flavors, a true homage to the surrounding nature.<\/p>\n<p>A self-service kiosk is also available for guests visiting the reserve.<\/p>\n<\/div>\n<\/div>\n<p><br class=\"clear\"\/><\/div>\n<\/div>\n<\/div>\n<\/div>\n<\/div>\n<div  class=\"one ppb_card_two_cols_with_image\" style=\"position:relative;padding:40px 0 40px 0;color:#7c7c7c;\" >\n<div class=\"standard_wrapper\">\n<div class=\"page_content_wrapper wide\">\n<div class=\"inner\">\n<div class=\"one_half parallax_scroll parallax_text\" style=\"width:40%;position:absolute;padding:40px;z-index:2;block !important;background:#fff;\" data-stellar-ratio=\"1.3\">\n<h2 class=\"ppb_title\" style=\"color:#41535d;\">Accommodation<\/h2>\n<div class=\"ppb_header_content\">\n<p>Are you visiting the region and dreaming of adding a night to your stay? What a great idea! Located just a few steps from BALNEA, the <a href=\"https:\/\/beatnikhotel.com\/en\/\" target=\"_blank\" rel=\"noopener\"><span style=\"text-decoration: underline;\"><strong>Beatnik Hotel<\/strong><\/span><\/a> invites you to experience a unique stay, where every space is a discovery, and you are free to savor each moment at your own pace.<\/p>\n<\/div>\n<\/div>\n<div class=\"one_half parallax_scroll_image last\" style=\"width:65%;\">\n<div class=\"image_classic_frame expand\">\n<div class=\"image_wrapper\"><img decoding=\"async\" src=\"https:\/\/reskin.balnea.ca\/wp-content\/uploads\/2025\/11\/Design-sans-titre-17.png\" alt=\"\" class=\"portfolio_img\"\/><\/div>\n<\/div>\n<\/div>\n<p><br class=\"clear\"\/><\/div>\n<\/div>\n<\/div>\n<\/div>\n<\/div>\n<div  class=\"one ppb_card_two_cols_with_image\" style=\"position:relative;padding:40px 0 40px 0;color:#7c7c7c;\" >\n<div class=\"standard_wrapper\">\n<div class=\"page_content_wrapper wide\">\n<div class=\"inner\">\n<div class=\"one_half parallax_scroll_image\" style=\"width:65%;\">\n<div class=\"image_classic_frame expand\">\n<div class=\"image_wrapper\"><img decoding=\"async\" src=\"https:\/\/reskin.balnea.ca\/wp-content\/uploads\/2024\/10\/Creation-sans-titre-48.jpg\" alt=\"\" class=\"portfolio_img\"\/><\/div>\n<\/div>\n<\/div>\n<div class=\"one_half last parallax_scroll parallax_text\" style=\"width:40%;position:absolute;padding:40px;background:#fff;\" data-stellar-ratio=\"1.3\">\n<h2 class=\"ppb_title\" style=\"color:#41535d;\">BALNEA spa voyage<\/h2>\n<div class=\"ppb_header_content\">\n<p>Your wellness stop at Montreal Airport. <a href=\"https:\/\/reskin.balnea.ca\/en\/balnea-spa-voyage\/\" target=\"_blank\" rel=\"noopener\"><span style=\"text-decoration: underline;\"><strong>Discover our three spaces<\/strong><\/span><\/a> designed to start your journey with relaxation, vitality, and great beauty!<\/p>\n<\/div>\n<\/div>\n<p><br class=\"clear\"\/><\/div>\n<\/div>\n<\/div>\n<\/div>\n<\/div>\n<div  class=\"one ppb_card_two_cols_with_image\" style=\"position:relative;padding:40px 0 40px 0;color:#7c7c7c;\" >\n<div class=\"standard_wrapper\">\n<div class=\"page_content_wrapper wide\">\n<div class=\"inner\">\n<div class=\"one_half parallax_scroll parallax_text\" style=\"width:40%;position:absolute;padding:40px;z-index:2;block !important;background:#fff;\" data-stellar-ratio=\"1.3\">\n<h2 class=\"ppb_title\" style=\"color:#41535d;\">22 km of trails<\/h2>\n<div class=\"ppb_header_content\">\n<p>The BALNEA experience is much more than the hot, cold, rest cycle. It&rsquo;s also about taking a moment to reconnect with yourself and the nature around you.<\/p>\n<p>Make the most of your visit by exploring <a href=\"https:\/\/reskin.balnea.ca\/wp-content\/uploads\/2021\/01\/RESEAU-LAC-GALE-1-2.pdf?utm_source=email&#038;utm_medium=email&#038;utm_campaign=M733070&#038;oft_id=24298793&#038;oft_k=Hn9NuwBn&#038;oft_lk=0N1JQB&#038;oft_d=638639769785200000\" target=\"_blank\" rel=\"noopener\"><span style=\"text-decoration: underline;\"><strong>the 22 km of trails<\/strong><\/span><\/a> surrounding the reserve, and take the time to appreciate the subtle details that nature has to offer. Access to the trails is included with your spa admission on the day of your visit.<\/p>\n<\/div>\n<\/div>\n<div class=\"one_half parallax_scroll_image last\" style=\"width:65%;\">\n<div class=\"image_classic_frame expand\">\n<div class=\"image_wrapper\"><img decoding=\"async\" src=\"https:\/\/reskin.balnea.ca\/wp-content\/uploads\/2025\/11\/Design-sans-titre-18.png\" alt=\"\" class=\"portfolio_img\"\/><\/div>\n<\/div>\n<\/div>\n<p><br class=\"clear\"\/><\/div>\n<\/div>\n<\/div>\n<\/div>\n<\/div>\n","protected":false},"excerpt":{"rendered":"<p>&nbsp; Thermal experience Come and discover the benefits of the thermal experience by trying one of the 480 possible combinations. Also, explore our two newest facilities: our infinity hot tub and our four-season relaxation room. Treatments Traditional or classic massages, [&hellip;]<\/p>\n","protected":false},"author":2341,"featured_media":570366,"parent":0,"menu_order":1,"comment_status":"closed","ping_status":"closed","template":"","meta":{"_acf_changed":false,"footnotes":""},"class_list":["post-497846","page","type-page","status-publish","has-post-thumbnail","hentry"],"acf":[],"yoast_head":"<!-- This site is optimized with the Yoast SEO plugin v27.3 - https:\/\/yoast.com\/product\/yoast-seo-wordpress\/ -->\n<title>D\u00e9couvrez BALNEA | BALNEA<\/title>\n<meta name=\"description\" content=\"Sise dans un lieu d&#039;exception, au c\u0153ur d&#039;une montagne surplombant un lac limpide, BALNEA vous propose des moments de d\u00e9tente uniques. Venez vivre la r\u00e9serve!\" \/>\n<meta name=\"robots\" content=\"index, follow, max-snippet:-1, max-image-preview:large, max-video-preview:-1\" \/>\n<link rel=\"canonical\" href=\"https:\/\/reskin.balnea.ca\/en\/experience-balnea\/\" \/>\n<meta property=\"og:locale\" content=\"en_US\" \/>\n<meta property=\"og:type\" content=\"article\" \/>\n<meta property=\"og:title\" content=\"D\u00e9couvrez BALNEA | BALNEA\" \/>\n<meta property=\"og:description\" content=\"Sise dans un lieu d&#039;exception, au c\u0153ur d&#039;une montagne surplombant un lac limpide, BALNEA vous propose des moments de d\u00e9tente uniques. Venez vivre la r\u00e9serve!\" \/>\n<meta property=\"og:url\" content=\"https:\/\/reskin.balnea.ca\/en\/experience-balnea\/\" \/>\n<meta property=\"og:site_name\" content=\"Balnea\" \/>\n<meta property=\"article:modified_time\" content=\"2025-11-13T13:23:43+00:00\" \/>\n<meta property=\"og:image\" content=\"https:\/\/reskin.balnea.ca\/wp-content\/uploads\/2025\/11\/0F8A0928-scaled.jpg\" \/>\n\t<meta property=\"og:image:width\" content=\"2560\" \/>\n\t<meta property=\"og:image:height\" content=\"1708\" \/>\n\t<meta property=\"og:image:type\" content=\"image\/jpeg\" \/>\n<meta name=\"twitter:card\" content=\"summary_large_image\" \/>\n<meta name=\"twitter:label1\" content=\"Est. reading time\" \/>\n\t<meta name=\"twitter:data1\" content=\"4 minutes\" \/>\n<script type=\"application\/ld+json\" class=\"yoast-schema-graph\">{\"@context\":\"https:\\\/\\\/schema.org\",\"@graph\":[{\"@type\":\"WebPage\",\"@id\":\"https:\\\/\\\/reskin.balnea.ca\\\/en\\\/experience-balnea\\\/\",\"url\":\"https:\\\/\\\/reskin.balnea.ca\\\/en\\\/experience-balnea\\\/\",\"name\":\"D\u00e9couvrez BALNEA | BALNEA\",\"isPartOf\":{\"@id\":\"https:\\\/\\\/reskin.balnea.ca\\\/en\\\/#website\"},\"primaryImageOfPage\":{\"@id\":\"https:\\\/\\\/reskin.balnea.ca\\\/en\\\/experience-balnea\\\/#primaryimage\"},\"image\":{\"@id\":\"https:\\\/\\\/reskin.balnea.ca\\\/en\\\/experience-balnea\\\/#primaryimage\"},\"thumbnailUrl\":\"https:\\\/\\\/reskin.balnea.ca\\\/wp-content\\\/uploads\\\/2025\\\/11\\\/0F8A0928-scaled.jpg\",\"datePublished\":\"2024-10-08T15:25:38+00:00\",\"dateModified\":\"2025-11-13T13:23:43+00:00\",\"description\":\"Sise dans un lieu d'exception, au c\u0153ur d'une montagne surplombant un lac limpide, BALNEA vous propose des moments de d\u00e9tente uniques. Venez vivre la r\u00e9serve!\",\"breadcrumb\":{\"@id\":\"https:\\\/\\\/reskin.balnea.ca\\\/en\\\/experience-balnea\\\/#breadcrumb\"},\"inLanguage\":\"en-US\",\"potentialAction\":[{\"@type\":\"ReadAction\",\"target\":[\"https:\\\/\\\/reskin.balnea.ca\\\/en\\\/experience-balnea\\\/\"]}]},{\"@type\":\"ImageObject\",\"inLanguage\":\"en-US\",\"@id\":\"https:\\\/\\\/reskin.balnea.ca\\\/en\\\/experience-balnea\\\/#primaryimage\",\"url\":\"https:\\\/\\\/reskin.balnea.ca\\\/wp-content\\\/uploads\\\/2025\\\/11\\\/0F8A0928-scaled.jpg\",\"contentUrl\":\"https:\\\/\\\/reskin.balnea.ca\\\/wp-content\\\/uploads\\\/2025\\\/11\\\/0F8A0928-scaled.jpg\",\"width\":2560,\"height\":1708},{\"@type\":\"BreadcrumbList\",\"@id\":\"https:\\\/\\\/reskin.balnea.ca\\\/en\\\/experience-balnea\\\/#breadcrumb\",\"itemListElement\":[{\"@type\":\"ListItem\",\"position\":1,\"name\":\"Home\",\"item\":\"https:\\\/\\\/reskin.balnea.ca\\\/en\\\/\"},{\"@type\":\"ListItem\",\"position\":2,\"name\":\"Discover BALNEA\"}]},{\"@type\":\"WebSite\",\"@id\":\"https:\\\/\\\/reskin.balnea.ca\\\/en\\\/#website\",\"url\":\"https:\\\/\\\/reskin.balnea.ca\\\/en\\\/\",\"name\":\"Balnea\",\"description\":\"Spa + r\u00e9serve thermale\",\"potentialAction\":[{\"@type\":\"SearchAction\",\"target\":{\"@type\":\"EntryPoint\",\"urlTemplate\":\"https:\\\/\\\/reskin.balnea.ca\\\/en\\\/?s={search_term_string}\"},\"query-input\":{\"@type\":\"PropertyValueSpecification\",\"valueRequired\":true,\"valueName\":\"search_term_string\"}}],\"inLanguage\":\"en-US\"}]}<\/script>\n<!-- \/ Yoast SEO plugin. -->","yoast_head_json":{"title":"D\u00e9couvrez BALNEA | BALNEA","description":"Sise dans un lieu d'exception, au c\u0153ur d'une montagne surplombant un lac limpide, BALNEA vous propose des moments de d\u00e9tente uniques. Venez vivre la r\u00e9serve!","robots":{"index":"index","follow":"follow","max-snippet":"max-snippet:-1","max-image-preview":"max-image-preview:large","max-video-preview":"max-video-preview:-1"},"canonical":"https:\/\/reskin.balnea.ca\/en\/experience-balnea\/","og_locale":"en_US","og_type":"article","og_title":"D\u00e9couvrez BALNEA | BALNEA","og_description":"Sise dans un lieu d'exception, au c\u0153ur d'une montagne surplombant un lac limpide, BALNEA vous propose des moments de d\u00e9tente uniques. Venez vivre la r\u00e9serve!","og_url":"https:\/\/reskin.balnea.ca\/en\/experience-balnea\/","og_site_name":"Balnea","article_modified_time":"2025-11-13T13:23:43+00:00","og_image":[{"width":2560,"height":1708,"url":"https:\/\/reskin.balnea.ca\/wp-content\/uploads\/2025\/11\/0F8A0928-scaled.jpg","type":"image\/jpeg"}],"twitter_card":"summary_large_image","twitter_misc":{"Est. reading time":"4 minutes"},"schema":{"@context":"https:\/\/schema.org","@graph":[{"@type":"WebPage","@id":"https:\/\/reskin.balnea.ca\/en\/experience-balnea\/","url":"https:\/\/reskin.balnea.ca\/en\/experience-balnea\/","name":"D\u00e9couvrez BALNEA | BALNEA","isPartOf":{"@id":"https:\/\/reskin.balnea.ca\/en\/#website"},"primaryImageOfPage":{"@id":"https:\/\/reskin.balnea.ca\/en\/experience-balnea\/#primaryimage"},"image":{"@id":"https:\/\/reskin.balnea.ca\/en\/experience-balnea\/#primaryimage"},"thumbnailUrl":"https:\/\/reskin.balnea.ca\/wp-content\/uploads\/2025\/11\/0F8A0928-scaled.jpg","datePublished":"2024-10-08T15:25:38+00:00","dateModified":"2025-11-13T13:23:43+00:00","description":"Sise dans un lieu d'exception, au c\u0153ur d'une montagne surplombant un lac limpide, BALNEA vous propose des moments de d\u00e9tente uniques. Venez vivre la r\u00e9serve!","breadcrumb":{"@id":"https:\/\/reskin.balnea.ca\/en\/experience-balnea\/#breadcrumb"},"inLanguage":"en-US","potentialAction":[{"@type":"ReadAction","target":["https:\/\/reskin.balnea.ca\/en\/experience-balnea\/"]}]},{"@type":"ImageObject","inLanguage":"en-US","@id":"https:\/\/reskin.balnea.ca\/en\/experience-balnea\/#primaryimage","url":"https:\/\/reskin.balnea.ca\/wp-content\/uploads\/2025\/11\/0F8A0928-scaled.jpg","contentUrl":"https:\/\/reskin.balnea.ca\/wp-content\/uploads\/2025\/11\/0F8A0928-scaled.jpg","width":2560,"height":1708},{"@type":"BreadcrumbList","@id":"https:\/\/reskin.balnea.ca\/en\/experience-balnea\/#breadcrumb","itemListElement":[{"@type":"ListItem","position":1,"name":"Home","item":"https:\/\/reskin.balnea.ca\/en\/"},{"@type":"ListItem","position":2,"name":"Discover BALNEA"}]},{"@type":"WebSite","@id":"https:\/\/reskin.balnea.ca\/en\/#website","url":"https:\/\/reskin.balnea.ca\/en\/","name":"Balnea","description":"Spa + r\u00e9serve thermale","potentialAction":[{"@type":"SearchAction","target":{"@type":"EntryPoint","urlTemplate":"https:\/\/reskin.balnea.ca\/en\/?s={search_term_string}"},"query-input":{"@type":"PropertyValueSpecification","valueRequired":true,"valueName":"search_term_string"}}],"inLanguage":"en-US"}]}},"_links":{"self":[{"href":"https:\/\/reskin.balnea.ca\/en\/wp-json\/wp\/v2\/pages\/497846","targetHints":{"allow":["GET"]}}],"collection":[{"href":"https:\/\/reskin.balnea.ca\/en\/wp-json\/wp\/v2\/pages"}],"about":[{"href":"https:\/\/reskin.balnea.ca\/en\/wp-json\/wp\/v2\/types\/page"}],"author":[{"embeddable":true,"href":"https:\/\/reskin.balnea.ca\/en\/wp-json\/wp\/v2\/users\/2341"}],"replies":[{"embeddable":true,"href":"https:\/\/reskin.balnea.ca\/en\/wp-json\/wp\/v2\/comments?post=497846"}],"version-history":[{"count":0,"href":"https:\/\/reskin.balnea.ca\/en\/wp-json\/wp\/v2\/pages\/497846\/revisions"}],"wp:featuredmedia":[{"embeddable":true,"href":"https:\/\/reskin.balnea.ca\/en\/wp-json\/wp\/v2\/media\/570366"}],"wp:attachment":[{"href":"https:\/\/reskin.balnea.ca\/en\/wp-json\/wp\/v2\/media?parent=497846"}],"curies":[{"name":"wp","href":"https:\/\/api.w.org\/{rel}","templated":true}]}}