{"id":485079,"date":"2024-08-01T11:34:49","date_gmt":"2024-08-01T15:34:49","guid":{"rendered":"https:\/\/reskin.balnea.ca\/?page_id=485079"},"modified":"2024-08-08T09:22:33","modified_gmt":"2024-08-08T13:22:33","slug":"press-release-maxime","status":"publish","type":"page","link":"https:\/\/reskin.balnea.ca\/en\/press-release-maxime\/","title":{"rendered":"PRESS RELEASE &#8211; MAXIME DELMONT"},"content":{"rendered":"<div  class=\"one withsmallpadding ppb_text\" style=\"text-align:center;padding:15px 0 15px 0;\" >\n<div class=\"standard_wrapper\">\n<div class=\"page_content_wrapper wide\">\n<div class=\"inner\">\n<div style=\"margin:auto;width:100%\">\n<h1><strong>BALNEA spa + r\u00e9serve thermale welcomes Maxime Delmont as Executive Chef of LUMAMI restaurant <\/strong><\/h1>\n<\/div>\n<\/div>\n<\/div>\n<\/div>\n<\/div>\n<div  class=\"one\" >\n<div class=\"standard_wrapper\">\n<div class=\"page_content_wrapper wide\">\n<div class=\"inner\">\n<div class=\"one_half content_middle textright\" style=\"padding:0px;\">\n<div class=\"ppb_header_content\">\n<p>Bromont, August 6, 2024 \/ &#8211; <a href=\"https:\/\/reskin.balnea.ca\/en\/\">BALNEA spa + r\u00e9serve thermale<\/a> is proud to announce the nomination of Maxime Delmont as the new Executive Chef of <a href=\"https:\/\/reskin.balnea.ca\/en\/restaurant\/\">LUMAMI restaurant<\/a>. With over 18 years of experience in prestigious establishments, including Alain Ducasse at the Plaza Ath\u00e9n\u00e9e in Paris and his key role in the opening of Le Ros\u00e9lys at Fairmont Reine Elizabeth, Maxime Delmont brings expertise and skills that will elevate LUMAMI to new horizons.<\/p>\n<p>Inspired by the generous nature of the BALNEA spa + r\u00e9serve thermale estate, Maxime creates delectable dishes featuring local flavors. LUMAMI guests can now enjoy his new creations on the <a href=\"https:\/\/reskin.balnea.ca\/en\/menu-lumami\/\">menu<\/a>, featuring seasonal produce freshly harvested from BALNEA&rsquo;s own gardens.<\/p>\n<p>\u00ab\u00a0Working with local produce from our gardens is a real source of inspiration for me. It allows me to create dishes that not only showcase the richness of our terroir, but also offer an authentic and unforgettable culinary experience. I can&rsquo;t wait to share this adventure with our guests and reveal the exceptional flavors of our region.\u00a0\u00bb<\/p>\n<p>&#8211; Maxime Delmont, Executive Chef, Restaurant LUMAMI.<\/p>\n<\/div>\n<\/div>\n<div class=\"one_half last\">\n<div class=\"image_classic_frame expand\">\n<div class=\"image_wrapper\"><a href=\"https:\/\/reskin.balnea.ca\/wp-content\/uploads\/2024\/08\/Balnea_Images_350x500_2.jpg\" class=\"img_frame\"><img decoding=\"async\" src=\"https:\/\/reskin.balnea.ca\/wp-content\/uploads\/2024\/08\/Balnea_Images_350x500_2.jpg\" alt=\"\" class=\"portfolio_img\"\/><\/a><\/div>\n<\/div>\n<\/div>\n<p><br class=\"clear\"\/><\/div>\n<\/div>\n<\/div>\n<\/div>\n<div  class=\"one withsmallpadding ppb_text\" style=\"text-align:left;padding:40px 0 40px 0;\" >\n<div class=\"standard_wrapper\">\n<div class=\"page_content_wrapper wide\">\n<div class=\"inner\">\n<div style=\"margin:auto;width:100%\">\n<p><strong>From BALNEA&rsquo;s gardens to LUMAMI&rsquo;s table <\/strong><\/p>\n<p>Launched in spring 2023, BALNEA&rsquo;s garden project embodies the principles of the short circuit by adopting a \u00ab\u00a0garden to table\u00a0\u00bb philosophy. The gardens supply LUMAMI with a wide range of fresh fruit, vegetables and herbs. Thanks to a greenhouse equipped with a geothermal heating system, BALNEA&rsquo;s gardens ensure year-round food self-sufficiency for the restaurant.<\/p>\n<p>BALNEA&rsquo;s gardens set themselves apart by committing to the principles of sustainable agriculture and the application of integrated pest management methods, which considerably reduce their environmental impact. This sustainable approach guarantees high-quality local produce, enriching LUMAMI&rsquo;s culinary creations while preserving the local ecosystem.<\/p>\n<\/div>\n<\/div>\n<\/div>\n<\/div>\n<\/div>\n<div  class=\"one\" >\n<div class=\"standard_wrapper\">\n<div class=\"page_content_wrapper wide\">\n<div class=\"inner\">\n<div class=\"one_half content_middle textright\" style=\"padding:0px;\">\n<div class=\"ppb_header_content\">\n<p>\u00ab\u00a0We&rsquo;re very proud to be able to work with LUMAMI, providing them with high-quality products grown using eco-responsible practices. Every product we grow reflects our commitment to sustainable farming practices, and seeing our harvests transformed into exceptional culinary creations is a great source of pride for us.\u00a0\u00bb<\/p>\n<p>&#8211; Pierre-Antoine Jacques, Head of Production, BALNEA spa + r\u00e9serve thermale gardens.<\/p>\n<p>LUMAMI offers a refined culinary experience in the heart of nature, combining creativity and well-being. The restaurant stands out for its creative cuisine, made from fresh, local ingredients and served with meticulous attention to detail. Guests can enjoy a range of seasonal, ephemeral and delicate dishes, reflecting the very essence of the terroir. Whether for a festive moment with friends or an intimate gastronomic experience, LUMAMI offers a memorable culinary adventure, capable of awakening the senses and creating lasting memories.<\/p>\n<p>&#8211; 30 &#8211;<\/p>\n<p>\u00a0<\/p>\n<\/div>\n<\/div>\n<div class=\"one_half last\">\n<div class=\"image_classic_frame expand\">\n<div class=\"image_wrapper\"><a href=\"https:\/\/reskin.balnea.ca\/wp-content\/uploads\/2024\/08\/Balnea_Images_350x500_.jpg\" class=\"img_frame\"><img decoding=\"async\" src=\"https:\/\/reskin.balnea.ca\/wp-content\/uploads\/2024\/08\/Balnea_Images_350x500_.jpg\" alt=\"\" class=\"portfolio_img\"\/><\/a><\/div>\n<\/div>\n<\/div>\n<p><br class=\"clear\"\/><\/div>\n<\/div>\n<\/div>\n<\/div>\n<div  class=\"one withsmallpadding ppb_text\" style=\"text-align:left;padding:0px 0 0px 0;\" >\n<div class=\"standard_wrapper\">\n<div class=\"page_content_wrapper wide\">\n<div class=\"inner\">\n<div style=\"margin:auto;width:100%\">\n<p><strong>About BALNEA spa + r\u00e9serve thermale<\/strong><\/p>\n<p>Since 2005,<a href=\"https:\/\/reskin.balnea.ca\/en\/\"> BALNEA spa + r\u00e9serve thermale<\/a> has been reinventing the art of relaxation by offering a unique sensory experience. Located in the heart of a nature reserve with over 600 acres of protected forest, BALNEA offers guests a comforting and inspiring retreat, while promoting rest and reconnection with nature. With treatments and massages inspired from around the world, unique facilities, healthy cuisine at the LUMAMI restaurant, lush gardens and access to a vast trail network, BALNEA is a destination not to be missed for rejuvenation and well-being. Committed to sustainable development, BALNEA continues to innovate while respecting its exceptional environment.<\/p>\n<p>Source : BALNEA spa + r\u00e9serve thermale<\/p>\n<p>For further information or to organize a visit:<\/p>\n<p>Hugo Martin-Bonneville<br \/>\nMarketing and Communications Director, BALNEA spa + r\u00e9serve thermale<br \/>\n<a href=\"mailto:hugo@balnea.ca\">hugo@balnea.ca<\/a> \u00a0(+1) 450 534-0604, ext. 242<\/p>\n<\/div>\n<\/div>\n<\/div>\n<\/div>\n<\/div>\n<div class=\"divider one\">&nbsp;<\/div>\n","protected":false},"excerpt":{"rendered":"<p>BALNEA spa + r\u00e9serve thermale welcomes Maxime Delmont as Executive Chef of LUMAMI restaurant Bromont, August 6, 2024 \/ &#8211; BALNEA spa + r\u00e9serve thermale is proud to announce the nomination of Maxime Delmont as the new Executive Chef of [&hellip;]<\/p>\n","protected":false},"author":2341,"featured_media":485407,"parent":0,"menu_order":0,"comment_status":"closed","ping_status":"closed","template":"","meta":{"_acf_changed":false,"footnotes":""},"class_list":["post-485079","page","type-page","status-publish","has-post-thumbnail","hentry"],"acf":[],"yoast_head":"<!-- This site is optimized with the Yoast SEO plugin v27.3 - https:\/\/yoast.com\/product\/yoast-seo-wordpress\/ -->\n<title>PRESS RELEASE - MAXIME DELMONT - Balnea<\/title>\n<meta name=\"robots\" content=\"index, follow, max-snippet:-1, max-image-preview:large, max-video-preview:-1\" \/>\n<link rel=\"canonical\" href=\"https:\/\/reskin.balnea.ca\/en\/press-release-maxime\/\" \/>\n<meta property=\"og:locale\" content=\"en_US\" \/>\n<meta property=\"og:type\" content=\"article\" \/>\n<meta property=\"og:title\" content=\"PRESS RELEASE - MAXIME DELMONT - Balnea\" \/>\n<meta property=\"og:description\" content=\"BALNEA spa + r\u00e9serve thermale welcomes Maxime Delmont as Executive Chef of LUMAMI restaurant Bromont, August 6, 2024 \/ &#8211; BALNEA spa + r\u00e9serve thermale is proud to announce the nomination of Maxime Delmont as the new Executive Chef of [&hellip;]\" \/>\n<meta property=\"og:url\" content=\"https:\/\/reskin.balnea.ca\/en\/press-release-maxime\/\" \/>\n<meta property=\"og:site_name\" content=\"Balnea\" \/>\n<meta property=\"article:modified_time\" content=\"2024-08-08T13:22:33+00:00\" \/>\n<meta property=\"og:image\" content=\"https:\/\/reskin.balnea.ca\/wp-content\/uploads\/2023\/05\/photobain.png\" \/>\n\t<meta property=\"og:image:width\" content=\"904\" \/>\n\t<meta property=\"og:image:height\" content=\"978\" \/>\n\t<meta property=\"og:image:type\" content=\"image\/png\" \/>\n<meta name=\"twitter:card\" content=\"summary_large_image\" \/>\n<meta name=\"twitter:label1\" content=\"Est. reading time\" \/>\n\t<meta name=\"twitter:data1\" content=\"4 minutes\" \/>\n<script type=\"application\/ld+json\" class=\"yoast-schema-graph\">{\"@context\":\"https:\\\/\\\/schema.org\",\"@graph\":[{\"@type\":\"WebPage\",\"@id\":\"https:\\\/\\\/reskin.balnea.ca\\\/en\\\/press-release-maxime\\\/\",\"url\":\"https:\\\/\\\/reskin.balnea.ca\\\/en\\\/press-release-maxime\\\/\",\"name\":\"PRESS RELEASE - MAXIME DELMONT - Balnea\",\"isPartOf\":{\"@id\":\"https:\\\/\\\/reskin.balnea.ca\\\/en\\\/#website\"},\"primaryImageOfPage\":{\"@id\":\"https:\\\/\\\/reskin.balnea.ca\\\/en\\\/press-release-maxime\\\/#primaryimage\"},\"image\":{\"@id\":\"https:\\\/\\\/reskin.balnea.ca\\\/en\\\/press-release-maxime\\\/#primaryimage\"},\"thumbnailUrl\":\"https:\\\/\\\/reskin.balnea.ca\\\/wp-content\\\/uploads\\\/2024\\\/08\\\/Header-Jardins-2.png\",\"datePublished\":\"2024-08-01T15:34:49+00:00\",\"dateModified\":\"2024-08-08T13:22:33+00:00\",\"breadcrumb\":{\"@id\":\"https:\\\/\\\/reskin.balnea.ca\\\/en\\\/press-release-maxime\\\/#breadcrumb\"},\"inLanguage\":\"en-US\",\"potentialAction\":[{\"@type\":\"ReadAction\",\"target\":[\"https:\\\/\\\/reskin.balnea.ca\\\/en\\\/press-release-maxime\\\/\"]}]},{\"@type\":\"ImageObject\",\"inLanguage\":\"en-US\",\"@id\":\"https:\\\/\\\/reskin.balnea.ca\\\/en\\\/press-release-maxime\\\/#primaryimage\",\"url\":\"https:\\\/\\\/reskin.balnea.ca\\\/wp-content\\\/uploads\\\/2024\\\/08\\\/Header-Jardins-2.png\",\"contentUrl\":\"https:\\\/\\\/reskin.balnea.ca\\\/wp-content\\\/uploads\\\/2024\\\/08\\\/Header-Jardins-2.png\",\"width\":2413,\"height\":1000},{\"@type\":\"BreadcrumbList\",\"@id\":\"https:\\\/\\\/reskin.balnea.ca\\\/en\\\/press-release-maxime\\\/#breadcrumb\",\"itemListElement\":[{\"@type\":\"ListItem\",\"position\":1,\"name\":\"Home\",\"item\":\"https:\\\/\\\/reskin.balnea.ca\\\/en\\\/\"},{\"@type\":\"ListItem\",\"position\":2,\"name\":\"PRESS RELEASE &#8211; MAXIME DELMONT\"}]},{\"@type\":\"WebSite\",\"@id\":\"https:\\\/\\\/reskin.balnea.ca\\\/en\\\/#website\",\"url\":\"https:\\\/\\\/reskin.balnea.ca\\\/en\\\/\",\"name\":\"Balnea\",\"description\":\"Spa + r\u00e9serve thermale\",\"potentialAction\":[{\"@type\":\"SearchAction\",\"target\":{\"@type\":\"EntryPoint\",\"urlTemplate\":\"https:\\\/\\\/reskin.balnea.ca\\\/en\\\/?s={search_term_string}\"},\"query-input\":{\"@type\":\"PropertyValueSpecification\",\"valueRequired\":true,\"valueName\":\"search_term_string\"}}],\"inLanguage\":\"en-US\"}]}<\/script>\n<!-- \/ Yoast SEO plugin. -->","yoast_head_json":{"title":"PRESS RELEASE - MAXIME DELMONT - Balnea","robots":{"index":"index","follow":"follow","max-snippet":"max-snippet:-1","max-image-preview":"max-image-preview:large","max-video-preview":"max-video-preview:-1"},"canonical":"https:\/\/reskin.balnea.ca\/en\/press-release-maxime\/","og_locale":"en_US","og_type":"article","og_title":"PRESS RELEASE - MAXIME DELMONT - Balnea","og_description":"BALNEA spa + r\u00e9serve thermale welcomes Maxime Delmont as Executive Chef of LUMAMI restaurant Bromont, August 6, 2024 \/ &#8211; BALNEA spa + r\u00e9serve thermale is proud to announce the nomination of Maxime Delmont as the new Executive Chef of [&hellip;]","og_url":"https:\/\/reskin.balnea.ca\/en\/press-release-maxime\/","og_site_name":"Balnea","article_modified_time":"2024-08-08T13:22:33+00:00","og_image":[{"width":904,"height":978,"url":"https:\/\/reskin.balnea.ca\/wp-content\/uploads\/2023\/05\/photobain.png","type":"image\/png"}],"twitter_card":"summary_large_image","twitter_misc":{"Est. reading time":"4 minutes"},"schema":{"@context":"https:\/\/schema.org","@graph":[{"@type":"WebPage","@id":"https:\/\/reskin.balnea.ca\/en\/press-release-maxime\/","url":"https:\/\/reskin.balnea.ca\/en\/press-release-maxime\/","name":"PRESS RELEASE - MAXIME DELMONT - Balnea","isPartOf":{"@id":"https:\/\/reskin.balnea.ca\/en\/#website"},"primaryImageOfPage":{"@id":"https:\/\/reskin.balnea.ca\/en\/press-release-maxime\/#primaryimage"},"image":{"@id":"https:\/\/reskin.balnea.ca\/en\/press-release-maxime\/#primaryimage"},"thumbnailUrl":"https:\/\/reskin.balnea.ca\/wp-content\/uploads\/2024\/08\/Header-Jardins-2.png","datePublished":"2024-08-01T15:34:49+00:00","dateModified":"2024-08-08T13:22:33+00:00","breadcrumb":{"@id":"https:\/\/reskin.balnea.ca\/en\/press-release-maxime\/#breadcrumb"},"inLanguage":"en-US","potentialAction":[{"@type":"ReadAction","target":["https:\/\/reskin.balnea.ca\/en\/press-release-maxime\/"]}]},{"@type":"ImageObject","inLanguage":"en-US","@id":"https:\/\/reskin.balnea.ca\/en\/press-release-maxime\/#primaryimage","url":"https:\/\/reskin.balnea.ca\/wp-content\/uploads\/2024\/08\/Header-Jardins-2.png","contentUrl":"https:\/\/reskin.balnea.ca\/wp-content\/uploads\/2024\/08\/Header-Jardins-2.png","width":2413,"height":1000},{"@type":"BreadcrumbList","@id":"https:\/\/reskin.balnea.ca\/en\/press-release-maxime\/#breadcrumb","itemListElement":[{"@type":"ListItem","position":1,"name":"Home","item":"https:\/\/reskin.balnea.ca\/en\/"},{"@type":"ListItem","position":2,"name":"PRESS RELEASE &#8211; MAXIME DELMONT"}]},{"@type":"WebSite","@id":"https:\/\/reskin.balnea.ca\/en\/#website","url":"https:\/\/reskin.balnea.ca\/en\/","name":"Balnea","description":"Spa + r\u00e9serve thermale","potentialAction":[{"@type":"SearchAction","target":{"@type":"EntryPoint","urlTemplate":"https:\/\/reskin.balnea.ca\/en\/?s={search_term_string}"},"query-input":{"@type":"PropertyValueSpecification","valueRequired":true,"valueName":"search_term_string"}}],"inLanguage":"en-US"}]}},"_links":{"self":[{"href":"https:\/\/reskin.balnea.ca\/en\/wp-json\/wp\/v2\/pages\/485079","targetHints":{"allow":["GET"]}}],"collection":[{"href":"https:\/\/reskin.balnea.ca\/en\/wp-json\/wp\/v2\/pages"}],"about":[{"href":"https:\/\/reskin.balnea.ca\/en\/wp-json\/wp\/v2\/types\/page"}],"author":[{"embeddable":true,"href":"https:\/\/reskin.balnea.ca\/en\/wp-json\/wp\/v2\/users\/2341"}],"replies":[{"embeddable":true,"href":"https:\/\/reskin.balnea.ca\/en\/wp-json\/wp\/v2\/comments?post=485079"}],"version-history":[{"count":0,"href":"https:\/\/reskin.balnea.ca\/en\/wp-json\/wp\/v2\/pages\/485079\/revisions"}],"wp:featuredmedia":[{"embeddable":true,"href":"https:\/\/reskin.balnea.ca\/en\/wp-json\/wp\/v2\/media\/485407"}],"wp:attachment":[{"href":"https:\/\/reskin.balnea.ca\/en\/wp-json\/wp\/v2\/media?parent=485079"}],"curies":[{"name":"wp","href":"https:\/\/api.w.org\/{rel}","templated":true}]}}