{"id":4262,"date":"2018-09-21T15:12:44","date_gmt":"2018-09-21T15:12:44","guid":{"rendered":"http:\/\/dev.balnea.ca\/services-and-rates\/groupes\/"},"modified":"2026-05-04T21:18:29","modified_gmt":"2026-05-05T01:18:29","slug":"groups-balnea","status":"publish","type":"page","link":"https:\/\/reskin.balnea.ca\/en\/groups-balnea\/","title":{"rendered":"Groups"},"content":{"rendered":"<div  class=\"one withsmallpadding ppb_text\" style=\"font-size: 18px;text-align:center;padding:70px 0 70px 0;\" >\n<div class=\"standard_wrapper\">\n<div class=\"page_content_wrapper wide\">\n<div class=\"inner\">\n<div style=\"margin:auto;width:60%\">\n<p style=\"text-align: center;\">Would you like to gather for a nature getaway by Balnea? We offer a few packages that can accommodate groups of 10 to 20 people for the thermal experience, massage therapy, meeting format, or at the hotel. Get in touch to learn more!<\/p>\n<\/div>\n<\/div>\n<\/div>\n<\/div>\n<\/div>\n<div  class=\"one withsmallpadding ppb_text\" style=\"text-align:left;padding:20px 0 20px 0;\" >\n<div class=\"standard_wrapper\">\n<div class=\"page_content_wrapper wide\">\n<div class=\"inner\">\n<div style=\"margin:auto;width:100%\">\n<h2>Imagine your Balnea experience could include<\/h2>\n<ul>\n<li>Massages and beauty treatments<\/li>\n<li>Access to the thermal experience<\/li>\n<li>Hiking in our forest trails<\/li>\n<li>Meals in a private dining room<\/li>\n<li>Hotel stay<\/li>\n<\/ul>\n<p>Please note that it is not possible for a group to book only the thermal experience. All our group packages include treatments (massage therapy or beauty services) and\/or a meeting format or a dining experience at the Lumami restaurant.<\/p>\n<\/div>\n<\/div>\n<\/div>\n<\/div>\n<\/div>\n<div  class=\"one withsmallpadding ppb_text\" style=\"text-align:left;padding:20px 0 20px 0;\" >\n<div class=\"standard_wrapper\">\n<div class=\"page_content_wrapper wide\">\n<div class=\"inner\">\n<div style=\"margin:auto;width:100%\">\n<p><strong>For more information about our group packages (10 to 20 people)<\/strong><\/p>\n<ul>\n<li>Fill out <a href=\"https:\/\/reskin.balnea.ca\/en\/demande-reservations-groupe-en-ligne\/\">the online group booking request form<\/a> or contact us at 450-534-0604 or at <a class=\"mailto\" data-mailto-name=\"groupes\" data-mailto-domain=\"balnea.ca\">groupes@balnea.ca.<\/a><\/li>\n<\/ul>\n<\/div>\n<\/div>\n<\/div>\n<\/div>\n<\/div>\n<div  class=\"one withsmallpadding ppb_text\" style=\"text-align:left;padding:20px 0 20px 0;\" >\n<div class=\"standard_wrapper\">\n<div class=\"page_content_wrapper wide\">\n<div class=\"inner\">\n<div style=\"margin:auto;width:100%\">\n<p><strong>Group bookings are available:<\/strong><\/p>\n<ul>\n<li>Tuesday to Thursday from May to September<\/li>\n<li>Monday to Friday from October to April<\/li>\n<\/ul>\n<p><strong><br \/>\nAll group bookings must be made at least 14 days prior to your visit date<\/strong><\/p>\n<ul>\n<li>A first non-refundable deposit of 50% of the total amount is required at the time of booking to secure the group stay.<\/li>\n<li>The final payment (remaining 50%) is made upon your visit at BALNEA.<\/li>\n<\/ul>\n<\/div>\n<\/div>\n<\/div>\n<\/div>\n<\/div>\n<div class=\"divider one\">&nbsp;<\/div>\n<div  class=\"one withsmallpadding ppb_text\" style=\"text-align:left;padding:20px 0 20px 0;\" >\n<div class=\"standard_wrapper\">\n<div class=\"page_content_wrapper wide\">\n<div class=\"inner\">\n<div style=\"margin:auto;width:100%\">\n<h2>Spa ambiance policy<\/h2>\n<p>The spa ambiance policy requires maintaining silence throughout the facilities, as well as speaking in a low voice in designated areas where permitted. Groups will be asked to comply with these guidelines for the comfort and relaxation of other guests on site.<\/p>\n<\/div>\n<\/div>\n<\/div>\n<\/div>\n<\/div>\n<div  class=\"one withsmallpadding ppb_text\" style=\"text-align:left;padding:20px 0 20px 0;\" >\n<div class=\"standard_wrapper\">\n<div class=\"page_content_wrapper wide\">\n<div class=\"inner\">\n<div style=\"margin:auto;width:100%\">\n<h2>Cancellation \/ modification policy<\/h2>\n<p>The initial 50% deposit of the total amount is non-refundable. Any group booking may be cancelled with a minimum notice of 72 business hours (excluding Saturdays, Sundays, and statutory holidays) prior to the group visit date. The person who made the reservation will then be responsible for paying the remaining balance, i.e., 50% of the total amount.<\/p>\n<p>Within less than 72 hours, any spa treatment reservation that is cancelled will be charged in full.<\/p>\n<p>Any guest who does not show up for their treatment appointment on the day of service, or who misses their appointment, will also be charged in full.<\/p>\n<\/div>\n<\/div>\n<\/div>\n<\/div>\n<\/div>\n","protected":false},"excerpt":{"rendered":"<p>Would you like to gather for a nature getaway by Balnea? We offer a few packages that can accommodate groups of 10 to 20 people for the thermal experience, massage therapy, meeting format, or at the hotel. Get in touch [&hellip;]<\/p>\n","protected":false},"author":2341,"featured_media":601856,"parent":0,"menu_order":12,"comment_status":"closed","ping_status":"closed","template":"","meta":{"_acf_changed":false,"footnotes":""},"class_list":["post-4262","page","type-page","status-publish","has-post-thumbnail","hentry"],"acf":[],"yoast_head":"<!-- This site is optimized with the Yoast SEO plugin v27.3 - https:\/\/yoast.com\/product\/yoast-seo-wordpress\/ -->\n<title>Groups - Balnea<\/title>\n<meta name=\"description\" content=\"Planifiez une escapade multisensorielle sign\u00e9e BALNEA et b\u00e9n\u00e9ficiez de tarifs avantageux pour les groupes de 10 \u00e0 20 personnes.\" \/>\n<meta name=\"robots\" content=\"index, follow, max-snippet:-1, max-image-preview:large, max-video-preview:-1\" \/>\n<link rel=\"canonical\" href=\"https:\/\/reskin.balnea.ca\/en\/groups-balnea\/\" \/>\n<meta property=\"og:locale\" content=\"en_US\" \/>\n<meta property=\"og:type\" content=\"article\" \/>\n<meta property=\"og:title\" content=\"Groups - Balnea\" \/>\n<meta property=\"og:description\" content=\"Planifiez une escapade multisensorielle sign\u00e9e BALNEA et b\u00e9n\u00e9ficiez de tarifs avantageux pour les groupes de 10 \u00e0 20 personnes.\" \/>\n<meta property=\"og:url\" content=\"https:\/\/reskin.balnea.ca\/en\/groups-balnea\/\" \/>\n<meta property=\"og:site_name\" content=\"Balnea\" \/>\n<meta property=\"article:modified_time\" content=\"2026-05-05T01:18:29+00:00\" \/>\n<meta property=\"og:image\" content=\"https:\/\/reskin.balnea.ca\/wp-content\/uploads\/2022\/11\/01_Header-10.jpg\" \/>\n\t<meta property=\"og:image:width\" content=\"1024\" \/>\n\t<meta property=\"og:image:height\" content=\"692\" \/>\n\t<meta property=\"og:image:type\" content=\"image\/jpeg\" \/>\n<meta name=\"twitter:card\" content=\"summary_large_image\" \/>\n<meta name=\"twitter:label1\" content=\"Est. reading time\" \/>\n\t<meta name=\"twitter:data1\" content=\"3 minutes\" \/>\n<script type=\"application\/ld+json\" class=\"yoast-schema-graph\">{\"@context\":\"https:\\\/\\\/schema.org\",\"@graph\":[{\"@type\":\"WebPage\",\"@id\":\"https:\\\/\\\/reskin.balnea.ca\\\/en\\\/groups-balnea\\\/\",\"url\":\"https:\\\/\\\/reskin.balnea.ca\\\/en\\\/groups-balnea\\\/\",\"name\":\"Groups - Balnea\",\"isPartOf\":{\"@id\":\"https:\\\/\\\/reskin.balnea.ca\\\/en\\\/#website\"},\"primaryImageOfPage\":{\"@id\":\"https:\\\/\\\/reskin.balnea.ca\\\/en\\\/groups-balnea\\\/#primaryimage\"},\"image\":{\"@id\":\"https:\\\/\\\/reskin.balnea.ca\\\/en\\\/groups-balnea\\\/#primaryimage\"},\"thumbnailUrl\":\"https:\\\/\\\/reskin.balnea.ca\\\/wp-content\\\/uploads\\\/2026\\\/04\\\/Hero_1930x800_13.png\",\"datePublished\":\"2018-09-21T15:12:44+00:00\",\"dateModified\":\"2026-05-05T01:18:29+00:00\",\"description\":\"Planifiez une escapade multisensorielle sign\u00e9e BALNEA et b\u00e9n\u00e9ficiez de tarifs avantageux pour les groupes de 10 \u00e0 20 personnes.\",\"breadcrumb\":{\"@id\":\"https:\\\/\\\/reskin.balnea.ca\\\/en\\\/groups-balnea\\\/#breadcrumb\"},\"inLanguage\":\"en-US\",\"potentialAction\":[{\"@type\":\"ReadAction\",\"target\":[\"https:\\\/\\\/reskin.balnea.ca\\\/en\\\/groups-balnea\\\/\"]}]},{\"@type\":\"ImageObject\",\"inLanguage\":\"en-US\",\"@id\":\"https:\\\/\\\/reskin.balnea.ca\\\/en\\\/groups-balnea\\\/#primaryimage\",\"url\":\"https:\\\/\\\/reskin.balnea.ca\\\/wp-content\\\/uploads\\\/2026\\\/04\\\/Hero_1930x800_13.png\",\"contentUrl\":\"https:\\\/\\\/reskin.balnea.ca\\\/wp-content\\\/uploads\\\/2026\\\/04\\\/Hero_1930x800_13.png\",\"width\":1930,\"height\":800},{\"@type\":\"BreadcrumbList\",\"@id\":\"https:\\\/\\\/reskin.balnea.ca\\\/en\\\/groups-balnea\\\/#breadcrumb\",\"itemListElement\":[{\"@type\":\"ListItem\",\"position\":1,\"name\":\"Home\",\"item\":\"https:\\\/\\\/reskin.balnea.ca\\\/en\\\/\"},{\"@type\":\"ListItem\",\"position\":2,\"name\":\"Groupes\"}]},{\"@type\":\"WebSite\",\"@id\":\"https:\\\/\\\/reskin.balnea.ca\\\/en\\\/#website\",\"url\":\"https:\\\/\\\/reskin.balnea.ca\\\/en\\\/\",\"name\":\"Balnea\",\"description\":\"Spa + r\u00e9serve thermale\",\"potentialAction\":[{\"@type\":\"SearchAction\",\"target\":{\"@type\":\"EntryPoint\",\"urlTemplate\":\"https:\\\/\\\/reskin.balnea.ca\\\/en\\\/?s={search_term_string}\"},\"query-input\":{\"@type\":\"PropertyValueSpecification\",\"valueRequired\":true,\"valueName\":\"search_term_string\"}}],\"inLanguage\":\"en-US\"}]}<\/script>\n<!-- \/ Yoast SEO plugin. -->","yoast_head_json":{"title":"Groups - Balnea","description":"Planifiez une escapade multisensorielle sign\u00e9e BALNEA et b\u00e9n\u00e9ficiez de tarifs avantageux pour les groupes de 10 \u00e0 20 personnes.","robots":{"index":"index","follow":"follow","max-snippet":"max-snippet:-1","max-image-preview":"max-image-preview:large","max-video-preview":"max-video-preview:-1"},"canonical":"https:\/\/reskin.balnea.ca\/en\/groups-balnea\/","og_locale":"en_US","og_type":"article","og_title":"Groups - Balnea","og_description":"Planifiez une escapade multisensorielle sign\u00e9e BALNEA et b\u00e9n\u00e9ficiez de tarifs avantageux pour les groupes de 10 \u00e0 20 personnes.","og_url":"https:\/\/reskin.balnea.ca\/en\/groups-balnea\/","og_site_name":"Balnea","article_modified_time":"2026-05-05T01:18:29+00:00","og_image":[{"width":1024,"height":692,"url":"https:\/\/reskin.balnea.ca\/wp-content\/uploads\/2022\/11\/01_Header-10.jpg","type":"image\/jpeg"}],"twitter_card":"summary_large_image","twitter_misc":{"Est. reading time":"3 minutes"},"schema":{"@context":"https:\/\/schema.org","@graph":[{"@type":"WebPage","@id":"https:\/\/reskin.balnea.ca\/en\/groups-balnea\/","url":"https:\/\/reskin.balnea.ca\/en\/groups-balnea\/","name":"Groups - Balnea","isPartOf":{"@id":"https:\/\/reskin.balnea.ca\/en\/#website"},"primaryImageOfPage":{"@id":"https:\/\/reskin.balnea.ca\/en\/groups-balnea\/#primaryimage"},"image":{"@id":"https:\/\/reskin.balnea.ca\/en\/groups-balnea\/#primaryimage"},"thumbnailUrl":"https:\/\/reskin.balnea.ca\/wp-content\/uploads\/2026\/04\/Hero_1930x800_13.png","datePublished":"2018-09-21T15:12:44+00:00","dateModified":"2026-05-05T01:18:29+00:00","description":"Planifiez une escapade multisensorielle sign\u00e9e BALNEA et b\u00e9n\u00e9ficiez de tarifs avantageux pour les groupes de 10 \u00e0 20 personnes.","breadcrumb":{"@id":"https:\/\/reskin.balnea.ca\/en\/groups-balnea\/#breadcrumb"},"inLanguage":"en-US","potentialAction":[{"@type":"ReadAction","target":["https:\/\/reskin.balnea.ca\/en\/groups-balnea\/"]}]},{"@type":"ImageObject","inLanguage":"en-US","@id":"https:\/\/reskin.balnea.ca\/en\/groups-balnea\/#primaryimage","url":"https:\/\/reskin.balnea.ca\/wp-content\/uploads\/2026\/04\/Hero_1930x800_13.png","contentUrl":"https:\/\/reskin.balnea.ca\/wp-content\/uploads\/2026\/04\/Hero_1930x800_13.png","width":1930,"height":800},{"@type":"BreadcrumbList","@id":"https:\/\/reskin.balnea.ca\/en\/groups-balnea\/#breadcrumb","itemListElement":[{"@type":"ListItem","position":1,"name":"Home","item":"https:\/\/reskin.balnea.ca\/en\/"},{"@type":"ListItem","position":2,"name":"Groupes"}]},{"@type":"WebSite","@id":"https:\/\/reskin.balnea.ca\/en\/#website","url":"https:\/\/reskin.balnea.ca\/en\/","name":"Balnea","description":"Spa + r\u00e9serve thermale","potentialAction":[{"@type":"SearchAction","target":{"@type":"EntryPoint","urlTemplate":"https:\/\/reskin.balnea.ca\/en\/?s={search_term_string}"},"query-input":{"@type":"PropertyValueSpecification","valueRequired":true,"valueName":"search_term_string"}}],"inLanguage":"en-US"}]}},"_links":{"self":[{"href":"https:\/\/reskin.balnea.ca\/en\/wp-json\/wp\/v2\/pages\/4262","targetHints":{"allow":["GET"]}}],"collection":[{"href":"https:\/\/reskin.balnea.ca\/en\/wp-json\/wp\/v2\/pages"}],"about":[{"href":"https:\/\/reskin.balnea.ca\/en\/wp-json\/wp\/v2\/types\/page"}],"author":[{"embeddable":true,"href":"https:\/\/reskin.balnea.ca\/en\/wp-json\/wp\/v2\/users\/2341"}],"replies":[{"embeddable":true,"href":"https:\/\/reskin.balnea.ca\/en\/wp-json\/wp\/v2\/comments?post=4262"}],"version-history":[{"count":1,"href":"https:\/\/reskin.balnea.ca\/en\/wp-json\/wp\/v2\/pages\/4262\/revisions"}],"predecessor-version":[{"id":602240,"href":"https:\/\/reskin.balnea.ca\/en\/wp-json\/wp\/v2\/pages\/4262\/revisions\/602240"}],"wp:featuredmedia":[{"embeddable":true,"href":"https:\/\/reskin.balnea.ca\/en\/wp-json\/wp\/v2\/media\/601856"}],"wp:attachment":[{"href":"https:\/\/reskin.balnea.ca\/en\/wp-json\/wp\/v2\/media?parent=4262"}],"curies":[{"name":"wp","href":"https:\/\/api.w.org\/{rel}","templated":true}]}}