{"id":3814,"date":"2018-10-04T15:22:02","date_gmt":"2018-10-04T15:22:02","guid":{"rendered":"http:\/\/dev.balnea.ca\/menu-lumami\/"},"modified":"2026-05-04T22:29:53","modified_gmt":"2026-05-05T02:29:53","slug":"menu-lumami","status":"publish","type":"page","link":"https:\/\/reskin.balnea.ca\/en\/menu-lumami\/","title":{"rendered":"Lumami menu"},"content":{"rendered":"<div  class=\"one withsmallpadding ppb_text\" style=\"font-size:18px;text-align:center;padding:70px 0 70px 0;\" >\n<div class=\"standard_wrapper\">\n<div class=\"page_content_wrapper wide\">\n<div class=\"inner\">\n<div style=\"margin:auto;width:60%\">\n<p style=\"text-align: center;\"><span style=\"color: #7c7c7c;\">Our Lumami restaurant menu is also available at the Lounge counter. You may see it below as an indicator. It is subject to change according to the seasons and our garden&rsquo;s harvests.<br \/>\n<\/span><\/p>\n<\/div>\n<\/div>\n<\/div>\n<\/div>\n<\/div>\n<div  class=\"one withsmallpadding ppb_text\" style=\"text-align:center;padding:0px 0 0px 0;\" >\n<div class=\"standard_wrapper\">\n<div class=\"page_content_wrapper wide\">\n<div class=\"inner\">\n<div style=\"margin:auto;width:100%\">\n<h2 style=\"text-align: center;\">Regular Menu<\/h2>\n<\/div>\n<\/div>\n<\/div>\n<\/div>\n<\/div>\n<div  class=\"one withsmallpadding ppb_text\" style=\"text-align:center;padding:20px 0 20px 0;\" >\n<div class=\"standard_wrapper\">\n<div class=\"page_content_wrapper wide\">\n<div class=\"inner\">\n<div style=\"margin:auto;width:100%\">\n<p style=\"text-align: center;\">Soup of the day <strong style=\"color: #00acd4;\">| 11<\/strong><\/p>\n<p style=\"text-align: center;\">Focaccia &#8211; homemade aromatic butter<strong style=\"color: #00acd4;\">\u00a0| 8<\/strong><\/p>\n<p style=\"text-align: center;\">Mesclun from our garden &#8211; maple vinaigrette <strong style=\"color: #00acd4;\">| 12<\/strong><\/p>\n<p style=\"text-align: center;\">Olives &#8211; with lemon, orange &#038; fennel <strong style=\"color: #00acd4;\">| 7<\/strong><\/p>\n<p style=\"text-align: center;\">Hummus &#8211; garden vegetables &#038; artisan crackers <strong style=\"color: #00acd4;\">| 14<\/strong><\/p>\n<p style=\"text-align: center;\">Homemade roasted nut mix &#8211; sumac, sriracha and maple syrup <strong style=\"color: #00acd4;\">| 9<\/strong><\/p>\n<p style=\"text-align: center;\">*<\/p>\n<p style=\"text-align: center;\">Burratini &#8211; variety of squash &#8211; focaccia <strong style=\"color: #00acd4;\">| 25<\/strong><\/p>\n<p style=\"text-align: center;\">Quebec cheese platter &#8211; homemade chutney &#8211; croutons\u00a0<strong style=\"color: #00acd4;\">| 19<\/strong><\/p>\n<p style=\"text-align: center;\">Tacos &#8211; Pulled pork or braised mushrooms, corn &#038; tomato salsa, feta, coriander, sumac sour cream <strong style=\"color: #00acd4;\">| 19<\/strong><\/p>\n<p style=\"text-align: center;\">Poultry ballotine <strong style=\"color: #00acd4;\">| 28<\/strong><\/p>\n<p style=\"text-align: center;\">Cod <strong style=\"color: #00acd4;\">| 29<\/strong><\/p>\n<p style=\"text-align: center;\">Smoked salmon tartine &#8211; creme fraiche with caviar &#8211; marinade from the garden <strong style=\"color: #00acd4;\">| 26<\/strong><\/p>\n<p style=\"text-align: center;\">Nordic shrimp sandwich <strong style=\"color: #00acd4;\">| 24<\/strong><\/p>\n<p style=\"text-align: center;\">Green pea risotto <strong style=\"color: #00acd4;\">| 26<\/strong><\/p>\n<p style=\"text-align: center;\">Fresh bowl <strong style=\"color: #00acd4;\">| 21<\/strong><\/p>\n<p style=\"text-align: center;\">Hunter\u2019s board : Terrine &#8211; dry sausage &#8211; marinated egg &#8211; cheeses &#8211; nuts &#8211; croutons &#8211; marinades &#8211; mostarda <strong style=\"color: #00acd4;\">| 34<\/strong><\/p>\n<\/div>\n<\/div>\n<\/div>\n<\/div>\n<\/div>\n<div  class=\"one withsmallpadding ppb_text\" style=\"text-align:center;padding:0px 0 0px 0;\" >\n<div class=\"standard_wrapper\">\n<div class=\"page_content_wrapper wide\">\n<div class=\"inner\">\n<div style=\"margin:auto;width:100%\">\n<h2 style=\"text-align: center;\">Desserts<\/h2>\n<\/div>\n<\/div>\n<\/div>\n<\/div>\n<\/div>\n<div  class=\"one withsmallpadding ppb_text\" style=\"text-align:center;padding:20px 0 20px 0;\" >\n<div class=\"standard_wrapper\">\n<div class=\"page_content_wrapper wide\">\n<div class=\"inner\">\n<div style=\"margin:auto;width:100%\">\n<p style=\"text-align: center;\">Chocolate hazelnut cake <strong style=\"color: #00acd4;\">| 11<\/strong><\/p>\n<p style=\"text-align: center;\">Vegan lemon verrine<strong style=\"color: #00acd4;\">| 9<\/strong><\/p>\n<p style=\"text-align: center;\">Cheesecake of the day <strong style=\"color: #00acd4;\">| 12<\/strong><\/p>\n<p style=\"text-align: center;\">Chia bowl <strong style=\"color: #00acd4;\">| 14<\/strong><\/p>\n<p style=\"text-align: center;\">Yogurt &#038; granola bowl <strong style=\"color: #00acd4;\">| 15<\/strong><\/p>\n<p style=\"text-align: center;\">\n<\/div>\n<\/div>\n<\/div>\n<\/div>\n<\/div>\n<div class=\"standard_wrapper\">\n<div  class=\"one\" style=\"padding:40px 0 40px 0;\" >\n<div class=\"page_content_wrapper wide nopadding\">\n<div class=\"inner\">\n<div id=\"17778987011027849935\" class=\"slider_wrapper\">\n<div class=\"flexslider tg_gallery \" data-height=\"750\">\n<ul class=\"slides\">\n<li><img decoding=\"async\" src=\"https:\/\/reskin.balnea.ca\/wp-content\/uploads\/2024\/02\/0F8A4559-1.jpg\" alt=\"\"\/>\n<div class=\"ppb_image_caption\"><\/div>\n<\/li>\n<li><img decoding=\"async\" src=\"https:\/\/reskin.balnea.ca\/wp-content\/uploads\/2024\/02\/0F8A4077.jpg\" alt=\"\"\/>\n<div class=\"ppb_image_caption\"><\/div>\n<\/li>\n<li><img decoding=\"async\" src=\"https:\/\/reskin.balnea.ca\/wp-content\/uploads\/2024\/02\/4N5A0097.jpg\" alt=\"\"\/>\n<div class=\"ppb_image_caption\"><\/div>\n<\/li>\n<li><img decoding=\"async\" src=\"https:\/\/reskin.balnea.ca\/wp-content\/uploads\/2024\/02\/0F8A3920.jpg\" alt=\"\"\/>\n<div class=\"ppb_image_caption\"><\/div>\n<\/li>\n<li><img decoding=\"async\" src=\"https:\/\/reskin.balnea.ca\/wp-content\/uploads\/2024\/02\/IMG_6991-scaled.jpg\" alt=\"\"\/>\n<div class=\"ppb_image_caption\"><\/div>\n<\/li>\n<li><img decoding=\"async\" src=\"https:\/\/reskin.balnea.ca\/wp-content\/uploads\/2024\/02\/IMG_6881-scaled.jpg\" alt=\"\"\/>\n<div class=\"ppb_image_caption\"><\/div>\n<\/li>\n<\/ul>\n<\/div>\n<\/div>\n<\/div>\n<\/div>\n<\/div>\n<\/div>\n<div  class=\"one withsmallpadding ppb_text\" style=\"text-align:center;padding:40px 0 40px 0;\" >\n<div class=\"standard_wrapper\">\n<div class=\"page_content_wrapper wide\">\n<div class=\"inner\">\n<div style=\"margin:auto;width:100%\">\n<p><sup>Lumami supports local and organic products<\/sup><\/p>\n<\/div>\n<\/div>\n<\/div>\n<\/div>\n<\/div>\n","protected":false},"excerpt":{"rendered":"<p>Our Lumami restaurant menu is also available at the Lounge counter. You may see it below as an indicator. It is subject to change according to the seasons and our garden&rsquo;s harvests. Regular Menu Soup of the day | 11 [&hellip;]<\/p>\n","protected":false},"author":2341,"featured_media":373939,"parent":0,"menu_order":0,"comment_status":"closed","ping_status":"closed","template":"","meta":{"_acf_changed":false,"footnotes":""},"class_list":["post-3814","page","type-page","status-publish","has-post-thumbnail","hentry"],"acf":[],"yoast_head":"<!-- This site is optimized with the Yoast SEO plugin v27.3 - https:\/\/yoast.com\/product\/yoast-seo-wordpress\/ -->\n<title>Lumami menu - Balnea<\/title>\n<meta name=\"description\" content=\"Le restaurant LUMAMI cuisine nature est ouvert du dimanche au jeudi de 12 h \u00e0 19 h et le vendredi et samedi de 12 h \u00e0 21 h. R\u00e9servez une table d\u00e8s maintenant !\" \/>\n<meta name=\"robots\" content=\"index, follow, max-snippet:-1, max-image-preview:large, max-video-preview:-1\" \/>\n<link rel=\"canonical\" href=\"https:\/\/reskin.balnea.ca\/en\/menu-lumami\/\" \/>\n<meta property=\"og:locale\" content=\"en_US\" \/>\n<meta property=\"og:type\" content=\"article\" \/>\n<meta property=\"og:title\" content=\"Lumami menu - Balnea\" \/>\n<meta property=\"og:description\" content=\"Le restaurant LUMAMI cuisine nature est ouvert du dimanche au jeudi de 12 h \u00e0 19 h et le vendredi et samedi de 12 h \u00e0 21 h. R\u00e9servez une table d\u00e8s maintenant !\" \/>\n<meta property=\"og:url\" content=\"https:\/\/reskin.balnea.ca\/en\/menu-lumami\/\" \/>\n<meta property=\"og:site_name\" content=\"Balnea\" \/>\n<meta property=\"article:modified_time\" content=\"2026-05-05T02:29:53+00:00\" \/>\n<meta property=\"og:image\" content=\"https:\/\/reskin.balnea.ca\/wp-content\/uploads\/2022\/11\/02_Menu-LUMAMI.jpg\" \/>\n\t<meta property=\"og:image:width\" content=\"1024\" \/>\n\t<meta property=\"og:image:height\" content=\"683\" \/>\n\t<meta property=\"og:image:type\" content=\"image\/jpeg\" \/>\n<meta name=\"twitter:card\" content=\"summary_large_image\" \/>\n<meta name=\"twitter:label1\" content=\"Est. reading time\" \/>\n\t<meta name=\"twitter:data1\" content=\"3 minutes\" \/>\n<script type=\"application\/ld+json\" class=\"yoast-schema-graph\">{\"@context\":\"https:\\\/\\\/schema.org\",\"@graph\":[{\"@type\":\"WebPage\",\"@id\":\"https:\\\/\\\/reskin.balnea.ca\\\/en\\\/menu-lumami\\\/\",\"url\":\"https:\\\/\\\/reskin.balnea.ca\\\/en\\\/menu-lumami\\\/\",\"name\":\"Lumami menu - Balnea\",\"isPartOf\":{\"@id\":\"https:\\\/\\\/reskin.balnea.ca\\\/en\\\/#website\"},\"primaryImageOfPage\":{\"@id\":\"https:\\\/\\\/reskin.balnea.ca\\\/en\\\/menu-lumami\\\/#primaryimage\"},\"image\":{\"@id\":\"https:\\\/\\\/reskin.balnea.ca\\\/en\\\/menu-lumami\\\/#primaryimage\"},\"thumbnailUrl\":\"https:\\\/\\\/reskin.balnea.ca\\\/wp-content\\\/uploads\\\/2022\\\/11\\\/02_Menu-LUMAMI.jpg\",\"datePublished\":\"2018-10-04T15:22:02+00:00\",\"dateModified\":\"2026-05-05T02:29:53+00:00\",\"description\":\"Le restaurant LUMAMI cuisine nature est ouvert du dimanche au jeudi de 12 h \u00e0 19 h et le vendredi et samedi de 12 h \u00e0 21 h. R\u00e9servez une table d\u00e8s maintenant !\",\"breadcrumb\":{\"@id\":\"https:\\\/\\\/reskin.balnea.ca\\\/en\\\/menu-lumami\\\/#breadcrumb\"},\"inLanguage\":\"en-US\",\"potentialAction\":[{\"@type\":\"ReadAction\",\"target\":[\"https:\\\/\\\/reskin.balnea.ca\\\/en\\\/menu-lumami\\\/\"]}]},{\"@type\":\"ImageObject\",\"inLanguage\":\"en-US\",\"@id\":\"https:\\\/\\\/reskin.balnea.ca\\\/en\\\/menu-lumami\\\/#primaryimage\",\"url\":\"https:\\\/\\\/reskin.balnea.ca\\\/wp-content\\\/uploads\\\/2022\\\/11\\\/02_Menu-LUMAMI.jpg\",\"contentUrl\":\"https:\\\/\\\/reskin.balnea.ca\\\/wp-content\\\/uploads\\\/2022\\\/11\\\/02_Menu-LUMAMI.jpg\",\"width\":1024,\"height\":683},{\"@type\":\"BreadcrumbList\",\"@id\":\"https:\\\/\\\/reskin.balnea.ca\\\/en\\\/menu-lumami\\\/#breadcrumb\",\"itemListElement\":[{\"@type\":\"ListItem\",\"position\":1,\"name\":\"Home\",\"item\":\"https:\\\/\\\/reskin.balnea.ca\\\/en\\\/\"},{\"@type\":\"ListItem\",\"position\":2,\"name\":\"LUMAMI Menu\"}]},{\"@type\":\"WebSite\",\"@id\":\"https:\\\/\\\/reskin.balnea.ca\\\/en\\\/#website\",\"url\":\"https:\\\/\\\/reskin.balnea.ca\\\/en\\\/\",\"name\":\"Balnea\",\"description\":\"Spa + r\u00e9serve thermale\",\"potentialAction\":[{\"@type\":\"SearchAction\",\"target\":{\"@type\":\"EntryPoint\",\"urlTemplate\":\"https:\\\/\\\/reskin.balnea.ca\\\/en\\\/?s={search_term_string}\"},\"query-input\":{\"@type\":\"PropertyValueSpecification\",\"valueRequired\":true,\"valueName\":\"search_term_string\"}}],\"inLanguage\":\"en-US\"}]}<\/script>\n<!-- \/ Yoast SEO plugin. -->","yoast_head_json":{"title":"Lumami menu - Balnea","description":"Le restaurant LUMAMI cuisine nature est ouvert du dimanche au jeudi de 12 h \u00e0 19 h et le vendredi et samedi de 12 h \u00e0 21 h. R\u00e9servez une table d\u00e8s maintenant !","robots":{"index":"index","follow":"follow","max-snippet":"max-snippet:-1","max-image-preview":"max-image-preview:large","max-video-preview":"max-video-preview:-1"},"canonical":"https:\/\/reskin.balnea.ca\/en\/menu-lumami\/","og_locale":"en_US","og_type":"article","og_title":"Lumami menu - Balnea","og_description":"Le restaurant LUMAMI cuisine nature est ouvert du dimanche au jeudi de 12 h \u00e0 19 h et le vendredi et samedi de 12 h \u00e0 21 h. R\u00e9servez une table d\u00e8s maintenant !","og_url":"https:\/\/reskin.balnea.ca\/en\/menu-lumami\/","og_site_name":"Balnea","article_modified_time":"2026-05-05T02:29:53+00:00","og_image":[{"width":1024,"height":683,"url":"https:\/\/reskin.balnea.ca\/wp-content\/uploads\/2022\/11\/02_Menu-LUMAMI.jpg","type":"image\/jpeg"}],"twitter_card":"summary_large_image","twitter_misc":{"Est. reading time":"3 minutes"},"schema":{"@context":"https:\/\/schema.org","@graph":[{"@type":"WebPage","@id":"https:\/\/reskin.balnea.ca\/en\/menu-lumami\/","url":"https:\/\/reskin.balnea.ca\/en\/menu-lumami\/","name":"Lumami menu - Balnea","isPartOf":{"@id":"https:\/\/reskin.balnea.ca\/en\/#website"},"primaryImageOfPage":{"@id":"https:\/\/reskin.balnea.ca\/en\/menu-lumami\/#primaryimage"},"image":{"@id":"https:\/\/reskin.balnea.ca\/en\/menu-lumami\/#primaryimage"},"thumbnailUrl":"https:\/\/reskin.balnea.ca\/wp-content\/uploads\/2022\/11\/02_Menu-LUMAMI.jpg","datePublished":"2018-10-04T15:22:02+00:00","dateModified":"2026-05-05T02:29:53+00:00","description":"Le restaurant LUMAMI cuisine nature est ouvert du dimanche au jeudi de 12 h \u00e0 19 h et le vendredi et samedi de 12 h \u00e0 21 h. R\u00e9servez une table d\u00e8s maintenant !","breadcrumb":{"@id":"https:\/\/reskin.balnea.ca\/en\/menu-lumami\/#breadcrumb"},"inLanguage":"en-US","potentialAction":[{"@type":"ReadAction","target":["https:\/\/reskin.balnea.ca\/en\/menu-lumami\/"]}]},{"@type":"ImageObject","inLanguage":"en-US","@id":"https:\/\/reskin.balnea.ca\/en\/menu-lumami\/#primaryimage","url":"https:\/\/reskin.balnea.ca\/wp-content\/uploads\/2022\/11\/02_Menu-LUMAMI.jpg","contentUrl":"https:\/\/reskin.balnea.ca\/wp-content\/uploads\/2022\/11\/02_Menu-LUMAMI.jpg","width":1024,"height":683},{"@type":"BreadcrumbList","@id":"https:\/\/reskin.balnea.ca\/en\/menu-lumami\/#breadcrumb","itemListElement":[{"@type":"ListItem","position":1,"name":"Home","item":"https:\/\/reskin.balnea.ca\/en\/"},{"@type":"ListItem","position":2,"name":"LUMAMI Menu"}]},{"@type":"WebSite","@id":"https:\/\/reskin.balnea.ca\/en\/#website","url":"https:\/\/reskin.balnea.ca\/en\/","name":"Balnea","description":"Spa + r\u00e9serve thermale","potentialAction":[{"@type":"SearchAction","target":{"@type":"EntryPoint","urlTemplate":"https:\/\/reskin.balnea.ca\/en\/?s={search_term_string}"},"query-input":{"@type":"PropertyValueSpecification","valueRequired":true,"valueName":"search_term_string"}}],"inLanguage":"en-US"}]}},"_links":{"self":[{"href":"https:\/\/reskin.balnea.ca\/en\/wp-json\/wp\/v2\/pages\/3814","targetHints":{"allow":["GET"]}}],"collection":[{"href":"https:\/\/reskin.balnea.ca\/en\/wp-json\/wp\/v2\/pages"}],"about":[{"href":"https:\/\/reskin.balnea.ca\/en\/wp-json\/wp\/v2\/types\/page"}],"author":[{"embeddable":true,"href":"https:\/\/reskin.balnea.ca\/en\/wp-json\/wp\/v2\/users\/2341"}],"replies":[{"embeddable":true,"href":"https:\/\/reskin.balnea.ca\/en\/wp-json\/wp\/v2\/comments?post=3814"}],"version-history":[{"count":1,"href":"https:\/\/reskin.balnea.ca\/en\/wp-json\/wp\/v2\/pages\/3814\/revisions"}],"predecessor-version":[{"id":602483,"href":"https:\/\/reskin.balnea.ca\/en\/wp-json\/wp\/v2\/pages\/3814\/revisions\/602483"}],"wp:featuredmedia":[{"embeddable":true,"href":"https:\/\/reskin.balnea.ca\/en\/wp-json\/wp\/v2\/media\/373939"}],"wp:attachment":[{"href":"https:\/\/reskin.balnea.ca\/en\/wp-json\/wp\/v2\/media?parent=3814"}],"curies":[{"name":"wp","href":"https:\/\/api.w.org\/{rel}","templated":true}]}}